{"id":925,"date":"2022-12-05T08:54:26","date_gmt":"2022-12-05T14:54:26","guid":{"rendered":"https:\/\/carpls1.wpengine.com\/?page_id=925"},"modified":"2025-11-25T16:26:07","modified_gmt":"2025-11-25T22:26:07","slug":"folletos-imprimibles","status":"publish","type":"page","link":"https:\/\/carpls.org\/es\/folletos-imprimibles\/","title":{"rendered":"Folletos imprimibles"},"content":{"rendered":"<p class=\"has-text-align-center\">Descargue nuestros folletos de la l\u00ednea directa en PDF para imprimirlos. Gracias por su apoyo.<\/p>\n\n\n\n<div class=\"wp-block-columns is-layout-flex wp-container-core-columns-is-layout-9d6595d7 wp-block-columns-is-layout-flex\">\n<div class=\"wp-block-column is-layout-flow wp-block-column-is-layout-flow\">\n<figure class=\"wp-block-image size-full border\"><a href=\"https:\/\/carpls.org\/es\/folletos-imprimibles\/carpls-flyer-3\/\"><img loading=\"lazy\" decoding=\"async\" width=\"1088\" height=\"1408\" src=\"https:\/\/carpls.org\/wp-content\/uploads\/CARPLS-Flyer-pdf.jpg\" alt=\"\" class=\"wp-image-1839\"\/><\/a><\/figure>\n\n\n\n<p class=\"has-text-align-center mb-5\"><strong>L\u00ednea directa CARPLS<\/strong><\/p>\n<\/div>\n\n\n\n<div class=\"wp-block-column is-layout-flow wp-block-column-is-layout-flow\">\n<figure class=\"wp-block-image size-full border\"><a href=\"https:\/\/carpls.org\/wp-content\/uploads\/Early-Resolution-Program-1.pdf\" target=\"_blank\" rel=\"noreferrer noopener\"><img loading=\"lazy\" decoding=\"async\" width=\"600\" height=\"776\" src=\"https:\/\/carpls.org\/wp-content\/uploads\/Early-Resolution-Program_Page_1-600x776-1.jpg\" alt=\"\" class=\"wp-image-928\" srcset=\"https:\/\/carpls.org\/wp-content\/uploads\/Early-Resolution-Program_Page_1-600x776-1.jpg 600w, https:\/\/carpls.org\/wp-content\/uploads\/Early-Resolution-Program_Page_1-600x776-1-232x300.jpg 232w, https:\/\/carpls.org\/wp-content\/uploads\/Early-Resolution-Program_Page_1-600x776-1-9x12.jpg 9w\" sizes=\"auto, (max-width: 600px) 100vw, 600px\" \/><\/a><\/figure>\n\n\n\n<p class=\"has-text-align-center mb-5\"><strong>L\u00ednea directa del CCLAHD<\/strong><\/p>\n<\/div>\n\n\n\n<div class=\"wp-block-column is-layout-flow wp-block-column-is-layout-flow\">\n<figure class=\"wp-block-image size-full border\"><a href=\"https:\/\/carpls.org\/wp-content\/uploads\/EvictionHelpIllinois-Flyer-ENGLISH.pdf\" target=\"_blank\" rel=\"noreferrer noopener\"><img loading=\"lazy\" decoding=\"async\" width=\"600\" height=\"776\" src=\"https:\/\/carpls.org\/wp-content\/uploads\/EvictionHelpIllinois-Flyer-ENGLISH-600x776-1.jpg\" alt=\"\" class=\"wp-image-927\" srcset=\"https:\/\/carpls.org\/wp-content\/uploads\/EvictionHelpIllinois-Flyer-ENGLISH-600x776-1.jpg 600w, https:\/\/carpls.org\/wp-content\/uploads\/EvictionHelpIllinois-Flyer-ENGLISH-600x776-1-232x300.jpg 232w, https:\/\/carpls.org\/wp-content\/uploads\/EvictionHelpIllinois-Flyer-ENGLISH-600x776-1-9x12.jpg 9w\" sizes=\"auto, (max-width: 600px) 100vw, 600px\" \/><\/a><\/figure>\n\n\n\n<p class=\"has-text-align-center mb-5\"><strong>Ayuda de desalojo Illinois <\/strong><\/p>\n<\/div>\n<\/div>\n\n\n\n<div class=\"wp-block-columns is-layout-flex wp-container-core-columns-is-layout-9d6595d7 wp-block-columns-is-layout-flex\">\n<div class=\"wp-block-column is-layout-flow wp-block-column-is-layout-flow\">\n<figure class=\"wp-block-image size-full border\"><a href=\"https:\/\/carpls.org\/wp-content\/uploads\/IL-AFLAN-Hotline-Flyer.pdf\" target=\"_blank\" rel=\"noreferrer noopener\"><img loading=\"lazy\" decoding=\"async\" width=\"600\" height=\"776\" src=\"https:\/\/carpls.org\/wp-content\/uploads\/ILAFLAN-FLYER-600x776-1.jpg\" alt=\"\" class=\"wp-image-934\" srcset=\"https:\/\/carpls.org\/wp-content\/uploads\/ILAFLAN-FLYER-600x776-1.jpg 600w, https:\/\/carpls.org\/wp-content\/uploads\/ILAFLAN-FLYER-600x776-1-232x300.jpg 232w, https:\/\/carpls.org\/wp-content\/uploads\/ILAFLAN-FLYER-600x776-1-9x12.jpg 9w\" sizes=\"auto, (max-width: 600px) 100vw, 600px\" \/><\/a><\/figure>\n\n\n\n<p class=\"has-text-align-center mb-5\"><strong>L\u00ednea directa IL-AFLAN<\/strong><\/p>\n<\/div>\n\n\n\n<div class=\"wp-block-column is-layout-flow wp-block-column-is-layout-flow\">\n<figure class=\"wp-block-image size-full border\"><a href=\"https:\/\/carpls.org\/wp-content\/uploads\/COVID-HELP-One-Pager.pdf\" target=\"_blank\" rel=\"noreferrer noopener\"><img loading=\"lazy\" decoding=\"async\" width=\"600\" height=\"776\" src=\"https:\/\/carpls.org\/wp-content\/uploads\/COVID-HELP-One-Pager-600x776-1.jpg\" alt=\"\" class=\"wp-image-933\" srcset=\"https:\/\/carpls.org\/wp-content\/uploads\/COVID-HELP-One-Pager-600x776-1.jpg 600w, https:\/\/carpls.org\/wp-content\/uploads\/COVID-HELP-One-Pager-600x776-1-232x300.jpg 232w, https:\/\/carpls.org\/wp-content\/uploads\/COVID-HELP-One-Pager-600x776-1-9x12.jpg 9w\" sizes=\"auto, (max-width: 600px) 100vw, 600px\" \/><\/a><\/figure>\n\n\n\n<p class=\"has-text-align-center mb-5\"><strong>COVID HELP Illinois<\/strong><\/p>\n<\/div>\n\n\n\n<div class=\"wp-block-column is-layout-flow wp-block-column-is-layout-flow\">\n<figure class=\"wp-block-image size-full border\"><a href=\"https:\/\/carpls.org\/wp-content\/uploads\/New-Leaf-Illinois-Fact-Sheet-English-5.pdf\" target=\"_blank\" rel=\"noreferrer noopener\"><img loading=\"lazy\" decoding=\"async\" width=\"600\" height=\"776\" src=\"https:\/\/carpls.org\/wp-content\/uploads\/New-Leaf-Illinois-Fact-Sheet-English-5-600x776-1.jpg\" alt=\"\" class=\"wp-image-932\" srcset=\"https:\/\/carpls.org\/wp-content\/uploads\/New-Leaf-Illinois-Fact-Sheet-English-5-600x776-1.jpg 600w, https:\/\/carpls.org\/wp-content\/uploads\/New-Leaf-Illinois-Fact-Sheet-English-5-600x776-1-232x300.jpg 232w, https:\/\/carpls.org\/wp-content\/uploads\/New-Leaf-Illinois-Fact-Sheet-English-5-600x776-1-9x12.jpg 9w\" sizes=\"auto, (max-width: 600px) 100vw, 600px\" \/><\/a><\/figure>\n\n\n\n<p class=\"has-text-align-center mb-5\"><strong>L\u00ednea directa de New Leaf Illinois<\/strong><\/p>\n<\/div>\n<\/div>\n\n\n\n<hr class=\"wp-block-separator has-alpha-channel-opacity\"\/>\n\n\n\n<p class=\"has-text-align-center\">Por favor descargue nuestros PDF de l\u00ednea directa para imprimir. \u00a1Gracias por su apoyo!<\/p>\n\n\n\n<div class=\"wp-block-columns is-layout-flex wp-container-core-columns-is-layout-9d6595d7 wp-block-columns-is-layout-flex\">\n<div class=\"wp-block-column is-layout-flow wp-block-column-is-layout-flow\">\n<figure class=\"wp-block-image size-full border\"><a href=\"https:\/\/carpls.org\/wp-content\/uploads\/CARPLS-flyer-espanol-1.pdf\" target=\"_blank\" rel=\"noreferrer noopener\"><img loading=\"lazy\" decoding=\"async\" width=\"600\" height=\"776\" src=\"https:\/\/carpls.org\/wp-content\/uploads\/CARPLS-flyer-espanol_Page_1-600x776-1.jpg\" alt=\"\" class=\"wp-image-939\" srcset=\"https:\/\/carpls.org\/wp-content\/uploads\/CARPLS-flyer-espanol_Page_1-600x776-1.jpg 600w, https:\/\/carpls.org\/wp-content\/uploads\/CARPLS-flyer-espanol_Page_1-600x776-1-232x300.jpg 232w, https:\/\/carpls.org\/wp-content\/uploads\/CARPLS-flyer-espanol_Page_1-600x776-1-9x12.jpg 9w\" sizes=\"auto, (max-width: 600px) 100vw, 600px\" \/><\/a><\/figure>\n\n\n\n<p class=\"has-text-align-center mb-5\"><strong>CARPLS L\u00ednea de Asistencia<\/strong><\/p>\n<\/div>\n\n\n\n<div class=\"wp-block-column is-layout-flow wp-block-column-is-layout-flow\">\n<figure class=\"wp-block-image size-full border\"><a href=\"https:\/\/carpls.org\/wp-content\/uploads\/Early-Resolution-Program.pdf\" target=\"_blank\" rel=\"noreferrer noopener\"><img loading=\"lazy\" decoding=\"async\" width=\"600\" height=\"776\" src=\"https:\/\/carpls.org\/wp-content\/uploads\/Early-Resolution-Program_Page_2-600x776-1.jpg\" alt=\"\" class=\"wp-image-938\" srcset=\"https:\/\/carpls.org\/wp-content\/uploads\/Early-Resolution-Program_Page_2-600x776-1.jpg 600w, https:\/\/carpls.org\/wp-content\/uploads\/Early-Resolution-Program_Page_2-600x776-1-232x300.jpg 232w, https:\/\/carpls.org\/wp-content\/uploads\/Early-Resolution-Program_Page_2-600x776-1-9x12.jpg 9w\" sizes=\"auto, (max-width: 600px) 100vw, 600px\" \/><\/a><\/figure>\n\n\n\n<p class=\"has-text-align-center mb-5\"><strong>CCLAHD L\u00ednea de Asistencia<\/strong><\/p>\n<\/div>\n\n\n\n<div class=\"wp-block-column is-layout-flow wp-block-column-is-layout-flow\">\n<figure class=\"wp-block-image size-full border\"><a href=\"https:\/\/carpls.org\/wp-content\/uploads\/EvictionHelpIllinois-Flyer-SPANISH-1.pdf\" target=\"_blank\" rel=\"noreferrer noopener\"><img loading=\"lazy\" decoding=\"async\" width=\"600\" height=\"776\" src=\"https:\/\/carpls.org\/wp-content\/uploads\/EvictionHelpIllinois-Flyer-SPANISH-600x776-1.jpg\" alt=\"\" class=\"wp-image-937\" srcset=\"https:\/\/carpls.org\/wp-content\/uploads\/EvictionHelpIllinois-Flyer-SPANISH-600x776-1.jpg 600w, https:\/\/carpls.org\/wp-content\/uploads\/EvictionHelpIllinois-Flyer-SPANISH-600x776-1-232x300.jpg 232w, https:\/\/carpls.org\/wp-content\/uploads\/EvictionHelpIllinois-Flyer-SPANISH-600x776-1-9x12.jpg 9w\" sizes=\"auto, (max-width: 600px) 100vw, 600px\" \/><\/a><\/figure>\n\n\n\n<p class=\"has-text-align-center mb-5\" style=\"line-height:1.2\"><strong>L\u00ednea de Asistencia para Desahucios<\/strong><\/p>\n<\/div>\n<\/div>\n\n\n\n<div class=\"wp-block-columns is-layout-flex wp-container-core-columns-is-layout-9d6595d7 wp-block-columns-is-layout-flex\">\n<div class=\"wp-block-column is-layout-flow wp-block-column-is-layout-flow\">\n<p class=\"has-text-align-center mb-5\"><\/p>\n<\/div>\n\n\n\n<div class=\"wp-block-column is-layout-flow wp-block-column-is-layout-flow\">\n<figure class=\"wp-block-image size-full border\"><a href=\"https:\/\/carpls.org\/wp-content\/uploads\/New-Leaf-Illinois-Fact-Sheet-Spanish-2.pdf\" target=\"_blank\" rel=\"noreferrer noopener\"><img loading=\"lazy\" decoding=\"async\" width=\"600\" height=\"776\" src=\"https:\/\/carpls.org\/wp-content\/uploads\/New-Leaf-Illinois-Fact-Sheet-Spanish-1-600x776-1.jpg\" alt=\"\" class=\"wp-image-936\" srcset=\"https:\/\/carpls.org\/wp-content\/uploads\/New-Leaf-Illinois-Fact-Sheet-Spanish-1-600x776-1.jpg 600w, https:\/\/carpls.org\/wp-content\/uploads\/New-Leaf-Illinois-Fact-Sheet-Spanish-1-600x776-1-232x300.jpg 232w, https:\/\/carpls.org\/wp-content\/uploads\/New-Leaf-Illinois-Fact-Sheet-Spanish-1-600x776-1-9x12.jpg 9w\" sizes=\"auto, (max-width: 600px) 100vw, 600px\" \/><\/a><\/figure>\n\n\n\n<p class=\"has-text-align-center mb-5\"><strong>New Leaf L\u00ednea de Asistencia<\/strong><\/p>\n<\/div>\n\n\n\n<div class=\"wp-block-column is-layout-flow wp-block-column-is-layout-flow\">\n<p class=\"has-text-align-center mb-5\"><\/p>\n<\/div>\n<\/div>","protected":false},"excerpt":{"rendered":"<p>Descargue nuestros folletos de la l\u00ednea directa en PDF para imprimirlos. Gracias por su apoyo. L\u00ednea directa CARPLS L\u00ednea directa CCLAHD Desahucio...<\/p>","protected":false},"author":1,"featured_media":0,"parent":0,"menu_order":0,"comment_status":"closed","ping_status":"closed","template":"","meta":{"_acf_changed":false,"_EventAllDay":false,"_EventTimezone":"","_EventStartDate":"","_EventEndDate":"","_EventStartDateUTC":"","_EventEndDateUTC":"","_EventShowMap":false,"_EventShowMapLink":false,"_EventURL":"","_EventCost":"","_EventCostDescription":"","_EventCurrencySymbol":"","_EventCurrencyCode":"","_EventCurrencyPosition":"","_EventDateTimeSeparator":"","_EventTimeRangeSeparator":"","_EventOrganizerID":[],"_EventVenueID":[],"_OrganizerEmail":"","_OrganizerPhone":"","_OrganizerWebsite":"","_VenueAddress":"","_VenueCity":"","_VenueCountry":"","_VenueProvince":"","_VenueState":"","_VenueZip":"","_VenuePhone":"","_VenueURL":"","_VenueStateProvince":"","_VenueLat":"","_VenueLng":"","_VenueShowMap":false,"_VenueShowMapLink":false,"footnotes":""},"class_list":["post-925","page","type-page","status-publish","hentry"],"acf":[],"_links":{"self":[{"href":"https:\/\/carpls.org\/es\/wp-json\/wp\/v2\/pages\/925","targetHints":{"allow":["GET"]}}],"collection":[{"href":"https:\/\/carpls.org\/es\/wp-json\/wp\/v2\/pages"}],"about":[{"href":"https:\/\/carpls.org\/es\/wp-json\/wp\/v2\/types\/page"}],"author":[{"embeddable":true,"href":"https:\/\/carpls.org\/es\/wp-json\/wp\/v2\/users\/1"}],"replies":[{"embeddable":true,"href":"https:\/\/carpls.org\/es\/wp-json\/wp\/v2\/comments?post=925"}],"version-history":[{"count":0,"href":"https:\/\/carpls.org\/es\/wp-json\/wp\/v2\/pages\/925\/revisions"}],"wp:attachment":[{"href":"https:\/\/carpls.org\/es\/wp-json\/wp\/v2\/media?parent=925"}],"curies":[{"name":"wp","href":"https:\/\/api.w.org\/{rel}","templated":true}]}}