{"id":818,"date":"2022-10-05T09:41:37","date_gmt":"2022-10-05T14:41:37","guid":{"rendered":"https:\/\/carpls.local\/?page_id=818"},"modified":"2024-10-31T16:14:02","modified_gmt":"2024-10-31T21:14:02","slug":"historias-de-clientes","status":"publish","type":"page","link":"https:\/\/carpls.org\/es\/historias-de-clientes\/","title":{"rendered":"Historias de clientes"},"content":{"rendered":"<div style=\"height:1px\" aria-hidden=\"true\" class=\"wp-block-spacer\"><\/div>\n\n\n\n<h2 class=\"wp-block-heading has-text-align-center\"><strong>Historias de clientes<\/strong><\/h2>\n\n\n\n<hr class=\"wp-block-separator has-alpha-channel-opacity is-style-shortbar\"\/>\n\n\n\n<div class=\"wp-block-group is-style-narrow-width\" style=\"padding-top:15px;padding-bottom:75px\"><div class=\"wp-block-group__inner-container is-layout-flow wp-block-group-is-layout-flow\">\n<blockquote class=\"wp-block-quote is-layout-flow wp-block-quote-is-layout-flow\" style=\"font-size:20px\">\n<p>\"Estaba muy preocupada por comparecer ante el tribunal. La conversaci\u00f3n y el asesoramiento jur\u00eddico recibidos realmente me tranquilizaron. Pude poner en pr\u00e1ctica los consejos inmediatamente y creo que obtendr\u00e9 resultados favorables. Adem\u00e1s, me dieron orientaci\u00f3n sobre lo que tengo que hacer para ayudarme m\u00e1s con mi situaci\u00f3n actual. Estar\u00e9 m\u00e1s que preparada para afrontar lo que venga. Recomiendo encarecidamente a cualquiera que utilice este servicio. La m\u00eda fue una experiencia extraordinaria\".<\/p>\n<cite>- Andrew, enero de 2023, que llam\u00f3 a nuestra l\u00ednea de ayuda legal del condado de Cook<\/cite><\/blockquote>\n<\/div><\/div>\n\n\n\n<div class=\"wp-block-cover is-light has-parallax border-bottom-teal\"><span aria-hidden=\"true\" class=\"wp-block-cover__background has-gray-dark-background-color has-background-dim\"><\/span><div class=\"wp-block-cover__image-background wp-image-547 has-parallax\" style=\"background-position:50% 50%;background-image:url(https:\/\/carpls.org\/wp-content\/uploads\/pexels-christina-morillo-1181717-scaled.jpg)\"><\/div><div class=\"wp-block-cover__inner-container is-layout-flow wp-block-cover-is-layout-flow\">\n<div class=\"wp-block-group\"><div class=\"wp-block-group__inner-container is-layout-flow wp-block-group-is-layout-flow\">\n<p class=\"has-text-align-center font-next mb-3 line-height-sm has-white-color has-text-color\" style=\"font-size:26px\">\"\u00a1No podr\u00eda haber superado la que ha sido la situaci\u00f3n m\u00e1s estresante de mi vida sin CARPLS! He recuperado la fe en la humanidad. Gracias, gracias, gracias. Estoy seguro de que no podr\u00eda haber salido adelante sin la ayuda de CARPL. Espero alg\u00fan d\u00eda devolver el favor.<strong>&#8220;<\/strong><\/p>\n\n\n\n<p class=\"has-text-align-center has-white-color has-text-color\">- Julie, noviembre de 2022, que utiliz\u00f3 nuestro mostrador de asesoramiento del Juzgado Municipal<\/p>\n<\/div><\/div>\n<\/div><\/div>\n\n\n\n<div class=\"wp-block-group is-style-narrow-width\" style=\"padding-top:75px;padding-bottom:75px\"><div class=\"wp-block-group__inner-container is-layout-flow wp-block-group-is-layout-flow\">\n<blockquote class=\"wp-block-quote is-layout-flow wp-block-quote-is-layout-flow\" style=\"font-size:20px\">\n<p>\"Los abogados fueron educados, pacientes y meticulosos. Me dieron tranquilidad y me hicieron sentir que mi caso era una prioridad. Yo estaba muy ansioso acerca de mi fecha de corte, sin embargo, mi abogado fue paciente, claro, cort\u00e9s \u00fatil y asertivo. Fui a la corte m\u00e1s confiado con las herramientas necesarias para ayudar a mi caso. Gracias!\"<\/p>\n<cite>- Callie, octubre de 2022, que llam\u00f3 al Programa de Resoluci\u00f3n Temprana a trav\u00e9s del Programa de Ayuda Legal para Vivienda y Deuda del Condado de Cook.<\/cite><\/blockquote>\n<\/div><\/div>\n\n\n\n<div class=\"wp-block-cover is-light has-parallax border-bottom-teal\"><span aria-hidden=\"true\" class=\"wp-block-cover__background has-gray-dark-background-color has-background-dim\"><\/span><div class=\"wp-block-cover__image-background wp-image-1548 has-parallax\" style=\"background-position:50% 50%;background-image:url(https:\/\/carpls.org\/wp-content\/uploads\/Mark-Client-Story-scaled.jpg)\"><\/div><div class=\"wp-block-cover__inner-container is-layout-flow wp-block-cover-is-layout-flow\">\n<div class=\"wp-block-group\"><div class=\"wp-block-group__inner-container is-layout-flow wp-block-group-is-layout-flow\">\n<p class=\"has-text-align-center font-next mb-3 line-height-sm has-white-color has-text-color\" style=\"font-size:26px\"><strong>&#8220;<\/strong>CARPLS me ayud\u00f3 a entender mejor c\u00f3mo borrar mis antecedentes penales o al menos sellarlos, lo que puede ayudarme a conseguir una casa. Tambi\u00e9n me guiaron en la direcci\u00f3n correcta.<strong>&#8220;<\/strong><\/p>\n\n\n\n<p class=\"has-text-align-center has-white-color has-text-color\">- Nick, 2022 de septiembre, que llam\u00f3 a nuestra l\u00ednea directa de New Leaf Illinois<\/p>\n<\/div><\/div>\n<\/div><\/div>","protected":false},"excerpt":{"rendered":"<p>Historias de clientes \"Estaba muy preocupado por comparecer ante el tribunal. La conversaci\u00f3n y el asesoramiento jur\u00eddico recibidos me...<\/p>","protected":false},"author":1,"featured_media":1556,"parent":0,"menu_order":0,"comment_status":"closed","ping_status":"closed","template":"page-full.php","meta":{"_acf_changed":false,"_EventAllDay":false,"_EventTimezone":"","_EventStartDate":"","_EventEndDate":"","_EventStartDateUTC":"","_EventEndDateUTC":"","_EventShowMap":false,"_EventShowMapLink":false,"_EventURL":"","_EventCost":"","_EventCostDescription":"","_EventCurrencySymbol":"","_EventCurrencyCode":"","_EventCurrencyPosition":"","_EventDateTimeSeparator":"","_EventTimeRangeSeparator":"","_EventOrganizerID":[],"_EventVenueID":[],"_OrganizerEmail":"","_OrganizerPhone":"","_OrganizerWebsite":"","_VenueAddress":"","_VenueCity":"","_VenueCountry":"","_VenueProvince":"","_VenueState":"","_VenueZip":"","_VenuePhone":"","_VenueURL":"","_VenueStateProvince":"","_VenueLat":"","_VenueLng":"","_VenueShowMap":false,"_VenueShowMapLink":false,"footnotes":""},"class_list":["post-818","page","type-page","status-publish","has-post-thumbnail","hentry"],"acf":[],"_links":{"self":[{"href":"https:\/\/carpls.org\/es\/wp-json\/wp\/v2\/pages\/818","targetHints":{"allow":["GET"]}}],"collection":[{"href":"https:\/\/carpls.org\/es\/wp-json\/wp\/v2\/pages"}],"about":[{"href":"https:\/\/carpls.org\/es\/wp-json\/wp\/v2\/types\/page"}],"author":[{"embeddable":true,"href":"https:\/\/carpls.org\/es\/wp-json\/wp\/v2\/users\/1"}],"replies":[{"embeddable":true,"href":"https:\/\/carpls.org\/es\/wp-json\/wp\/v2\/comments?post=818"}],"version-history":[{"count":0,"href":"https:\/\/carpls.org\/es\/wp-json\/wp\/v2\/pages\/818\/revisions"}],"wp:featuredmedia":[{"embeddable":true,"href":"https:\/\/carpls.org\/es\/wp-json\/wp\/v2\/media\/1556"}],"wp:attachment":[{"href":"https:\/\/carpls.org\/es\/wp-json\/wp\/v2\/media?parent=818"}],"curies":[{"name":"wp","href":"https:\/\/api.w.org\/{rel}","templated":true}]}}