{"id":62,"date":"2022-07-05T09:57:30","date_gmt":"2022-07-05T14:57:30","guid":{"rendered":"https:\/\/carpls.local\/?page_id=62"},"modified":"2025-07-23T09:52:05","modified_gmt":"2025-07-23T14:52:05","slug":"home","status":"publish","type":"page","link":"https:\/\/carpls.org\/es\/","title":{"rendered":"Inicio"},"content":{"rendered":"<script>\nwindow.addEventListener('mouseover', initLandbot, { once: true });\nwindow.addEventListener('touchstart', initLandbot, { once: true });\nvar myLandbot;\nfunction initLandbot() {\n  if (!myLandbot) {\n    var s = document.createElement('script');s.type = 'text\/javascript';s.async = true;\n    s.addEventListener('load', function() {\n      var myLandbot = new Landbot.Livechat({\n        configUrl: 'https:\/\/storage.googleapis.com\/chats.landbot.io\/v3\/H-751438-JF5ZFD1ARP6ER22F\/index.json',\n      });\n    });\n    s.src = 'https:\/\/cdn.landbot.io\/landbot-3\/landbot-3.0.0.js';\n    var x = document.getElementsByTagName('script')[0];\n    x.parentNode.insertBefore(s, x);\n  }\n}\n<\/script>\n\n\n<div class=\"home-banner position-relative\">\n\n  <div id=\"welcome-vid\" class=\"video-bg\" data-video-desktop=\"https:\/\/carpls.org\/wp-content\/uploads\/homevideo3.mp4\" data-video-mobile=\"https:\/\/carpls.org\/wp-content\/uploads\/homevideo3.mp4\">\n    <video width=\"1920\" height=\"1080\" autoplay muted loop poster=\"\">\n        Su navegador no soporta la etiqueta de v\u00eddeo.\n    <\/video>\n  <\/div>\n\n  <div class=\"home-banner-inner\">\n    <div class=\"container h-100\">\n      <div class=\"row justify-content-center h-100\">\n        <div class=\"col-xl-10 py-5 align-self-center\">\n          <p class=\"has-white-color font-next font-size-50 font-bold text-uppercase text-center line-height-sm mb-0\">Brindando acceso a la justicia legal desde 1993<\/p>\n        <\/div>\n      <\/div>\n    <\/div>\n  <\/div>\n<\/div>\n\n<script>\nvar mainVideo = $('#welcome-vid video');\nvar mobileSrc = $('#welcome-vid').data('video-mobile');\nvar desktopSrc = $('#welcome-vid').data('video-desktop');\n\nif ($(window).width() < 768) {\n  mainVideo.append(\"<source type='video\/mp4' src='\" + mobileSrc + \"' \/>\");\n} else {\n  mainVideo.append(\"<source type='video\/mp4' src='\" + desktopSrc + \"' \/>\");\n}\n<\/script>\n\n<div class=\"container container-wider\">\n  <div class=\"row justify-content-center\">\n    <div class=\"col-xl-10 py-lg-5\">\n      <div class=\"has-blue-light-background-color pt-5 pb-3 px-lg-5 px-4 mb-5 mt-n5 rounded-lg position-relative\">\n        <div class=\"px-lg-5\">\n          <p class=\"has-black-color font-next font-bold font-size-40 line-height-sm mb-4 ms-n3\"><i class=\"fa-solid fa-arrow-turn-down-right has-red-color\"><\/i> Encuentre el proyecto CARPLS adecuado para usted<\/p>\n          <form class=\"row justify-content-center\" method=\"get\" action=\"https:\/\/carpls.org\/es\/encontrar-asistencia-juridica\/\" data-trp-original-action=\"https:\/\/carpls.org\/es\/encontrar-asistencia-juridica\/\">\n  <div class=\"col-lg-10\">\n\n    <select id=\"findmatter\" class=\"form-select form-select-lg\" name=\"matter\" required>\n      <option value=\"\" selected>\u00bfCu\u00e1l es su problema legal?<\/option><option value=\"16\" class=\"\">\n              Desalojo<\/option><option value=\"21\" class=\"\">\n              Juicio hipotecario<\/option><option value=\"22\" class=\"cook\">\n              Otros problemas de vivienda (no desalojo)<\/option><option value=\"20\" class=\"\">\n              Deuda del consumidor<\/option><option value=\"29\" class=\"illinois\">\n              Bancarrota<\/option><option value=\"23\" class=\"\">\n              Tutela<\/option><option value=\"27\" class=\"\">\n              Sucesiones\/Sucesiones<\/option><option value=\"30\" class=\"illinois\">\n              Empleo<\/option><option value=\"18\" class=\"\">\n              Eliminaci\u00f3n de registros de cannabis<\/option><option value=\"26\" class=\"cook\">\n              Materia Penal<\/option><option value=\"25\" class=\"cook\">\n              Derechos civiles<\/option><option value=\"24\" class=\"cook\">\n              Educaci\u00f3n<\/option><option value=\"28\" class=\"\">\n              Todos los dem\u00e1s asuntos legales<\/option>    <\/select>\n\n    <select id=\"findresidency\" class=\"form-select form-select-lg mt-3 d-none\" name=\"residency\" required>\n      <option value=\"\" selected>\u00bfD\u00f3nde est\u00e1 ocurriendo su problema legal?<\/option><option value=\"11\">\n              en el condado de Cook<\/option><option value=\"14\">\n              en Illinois pero fuera del condado de Cook<\/option><option value=\"13\">\n              en un estado fuera de Illinois<\/option>    <\/select>\n\n    <select id=\"findmilitary\" class=\"form-select form-select-lg mt-3 d-none\" name=\"milstatus\">\n      <option value=\"\" selected>\u00bfEs usted un veterano, militar activo de los EE. UU. o su dependiente?<\/option>\n      <option value=\"no\">No<\/option>\n      <option value=\"yes\">S\u00ed<\/option>\n    <\/select>\n  <\/div>\n  <div class=\"col-lg-2 align-self-end\">\n    <button type=\"submit\" class=\"btn btn-red rounded height-48 w-100 form-control-lg font-bold mt-3 mt-lg-0\">ENVIAR <i class=\"fa-solid fa-chevron-right ms-2 me-0\"><\/i><\/button>\n  <\/div>\n<input type=\"hidden\" name=\"trp-form-language\" value=\"es\"\/><\/form>\n\n<script type=\"text\/javascript\">\n$( \"#findmatter\" ).change(function() {\n  if ($(\"#findmatter\").prop(\"selectedIndex\") != 0) {\n    $(\"#findresidency\").removeClass('d-none');\n  }\n});\n$( \"#findresidency\" ).change(function() {\n  if ($(\"#findresidency\").prop(\"selectedIndex\") != 0) {\n    $(\"#findmilitary\").removeClass('d-none');\n  }\n});\n<\/script>\n          <div class=\"graybar mt-4\"><\/div>\n          <p class=\"mb-0 mt-3 text-center\">o empezar por <a href=\"https:\/\/carpls.org\/es\/chat\/\">haci\u00e9ndole una pregunta a nuestro asistente virtual<\/a><\/p>\n        <\/div>\n      <\/div>\n    <\/div>\n  <\/div>\n<\/div>\n\n<div class=\"position-relative pb-lg-5\">\n  <div class=\"container\">\n    <div class=\"row justify-content-center mb-5\">\n      <div class=\"col-lg-6\">\n        <div class=\"img-border-left mb-5 mb-lg-0 slide-wrap\">\n                              <img decoding=\"async\" src=\"https:\/\/carpls.org\/wp-content\/uploads\/Screen-Shot-2023-10-11-at-7.53.57-PM.png\" class=\"animate-in rounded-lg-right\">\n                  <\/div>\n      <\/div>\n      <div class=\"col-lg-5 align-self-center ps-lg-5\">\n        <p class=\"has-black-color font-size-36 mb-0 line-height-sm font-bold font-next\">Sobre nosotros<\/p>\n        <div class=\"shortbar mb-lg-5 mb-4 has-teal-background-color\"><\/div>\n        <p class=\"line-height-sm mb-lg-5 mb-4 font-size-20\">CARPLS es una organizaci\u00f3n 501(c)(3) de asistencia jur\u00eddica sin \u00e1nimo de lucro. S\u00ed, tenemos un nombre inusual, pero hacemos un trabajo serio. Ayudamos a los residentes a encontrar soluciones a los asuntos legales cotidianos en el Condado de Cook y en todo Illinois.<\/p>\n        <a class=\"btn btn-teal py-2 font-bold px-5 mb-4 me-4\" href=\"https:\/\/carpls.org\/es\/servicios\/\">Ver servicios <i class=\"fas fa-chevron-right ms-2 me-0\"><\/i><\/a>\n        <a class=\"btn btn-red py-2 font-bold px-5 mb-4\" href=\"https:\/\/carpls.org\/es\/donar\/\">Done ahora  <i class=\"fas fa-chevron-right ms-2 me-0\"><\/i><\/a>\n        <a class=\"btn btn-teal-out py-2 font-bold px-5 mb-4\" href=\"https:\/\/carpls.org\/es\/30o-aniversario\/\">30 aniversario de CARPLS  <i class=\"fas fa-chevron-right ms-2 me-0\"><\/i><\/a>\n      <\/div>\n    <\/div>\n  <\/div>\n<\/div>\n\n\n<div class=\"has-blue-light-background-color\">\n\t<div class=\"pb-5 pt-4\">\n\t\t<div class=\"container\">\n\t\t\t<div class=\"row justify-content-center\">\n\t\t\t\t<div class=\"col-lg-8 pt-5\">\n\t\t\t\t\t<div class=\"text-center\">\n            <p class=\"has-black-color font-size-36 mb-3 line-height-sm font-bold font-next\">Por los n\u00fameros<\/p>\n            <div class=\"shortbar mb-lg-5 mb-4 has-teal-background-color mx-auto\"><\/div>\n\t\t\t\t\t<\/div>\n\t\t\t\t<\/div>\n\t\t\t<\/div>\n\t    <div class=\"row\">\n\t      \t        <div class=\"col-lg-4 py-4\">\n\t          <div class=\"row slide-wrap\">\n\t            <div class=\"col-4 text-center pt-lg-4 animate-in\">\n\t              <i class=\"fa-classic fa-solid fa-comments fa-fw fa-4x has-blue-dark-color\"><\/i>\n\t            <\/div>\n\t            <div class=\"col-8\">\n\t              <p class=\"mb-0 font-size-45 line-height-sm has-red-color font-bold font-next text-uppercase\">89,000+<\/p>\n\t              <p class=\"font-size-14 mb-0 line-height-sm\">consultas legales brindadas el a\u00f1o pasado<\/p>\n\t            <\/div>\n\t          <\/div>\n\t        <\/div>\n\t      \t        <div class=\"col-lg-4 py-4\">\n\t          <div class=\"row slide-wrap\">\n\t            <div class=\"col-4 text-center pt-lg-4 animate-in\">\n\t              <i class=\"fa-classic fa-solid fa-people-group fa-fw fa-4x has-blue-dark-color\"><\/i>\n\t            <\/div>\n\t            <div class=\"col-8\">\n\t              <p class=\"mb-0 font-size-45 line-height-sm has-red-color font-bold font-next text-uppercase\">85\u00a2<\/p>\n\t              <p class=\"font-size-14 mb-0 line-height-sm\">de cada d\u00f3lar recaudado va directamente a servicios al cliente<\/p>\n\t            <\/div>\n\t          <\/div>\n\t        <\/div>\n\t      \t        <div class=\"col-lg-4 py-4\">\n\t          <div class=\"row slide-wrap\">\n\t            <div class=\"col-4 text-center pt-lg-4 animate-in\">\n\t              <i class=\"fa-classic fa-solid fa-phone fa-fw fa-4x has-blue-dark-color\"><\/i>\n\t            <\/div>\n\t            <div class=\"col-8\">\n\t              <p class=\"mb-0 font-size-45 line-height-sm has-red-color font-bold font-next text-uppercase\">2\/3<\/p>\n\t              <p class=\"font-size-14 mb-0 line-height-sm\">de los nuevos clientes nunca han hablado con un abogado antes de llamar<\/p>\n\t            <\/div>\n\t          <\/div>\n\t        <\/div>\n\t      \t        <div class=\"col-lg-4 py-4\">\n\t          <div class=\"row slide-wrap\">\n\t            <div class=\"col-4 text-center pt-lg-4 animate-in\">\n\t              <i class=\"fa-classic fa-solid fa-business-time fa-fw fa-4x has-blue-dark-color\"><\/i>\n\t            <\/div>\n\t            <div class=\"col-8\">\n\t              <p class=\"mb-0 font-size-45 line-height-sm has-red-color font-bold font-next text-uppercase\">25+<\/p>\n\t              <p class=\"font-size-14 mb-0 line-height-sm\">a\u00f1os es la experiencia profesional media de nuestros abogados<\/p>\n\t            <\/div>\n\t          <\/div>\n\t        <\/div>\n\t      \t        <div class=\"col-lg-4 py-4\">\n\t          <div class=\"row slide-wrap\">\n\t            <div class=\"col-4 text-center pt-lg-4 animate-in\">\n\t              <i class=\"fa-classic fa-solid fa-thumbs-up fa-fw fa-4x has-blue-dark-color\"><\/i>\n\t            <\/div>\n\t            <div class=\"col-8\">\n\t              <p class=\"mb-0 font-size-45 line-height-sm has-red-color font-bold font-next text-uppercase\">94%<\/p>\n\t              <p class=\"font-size-14 mb-0 line-height-sm\">de nuestros clientes nos recomendar\u00eda a un amigo<\/p>\n\t            <\/div>\n\t          <\/div>\n\t        <\/div>\n\t      \t        <div class=\"col-lg-4 py-4\">\n\t          <div class=\"row slide-wrap\">\n\t            <div class=\"col-4 text-center pt-lg-4 animate-in\">\n\t              <i class=\"fa-classic fa-solid fa-building-columns fa-fw fa-4x has-blue-dark-color\"><\/i>\n\t            <\/div>\n\t            <div class=\"col-8\">\n\t              <p class=\"mb-0 font-size-45 line-height-sm has-red-color font-bold font-next text-uppercase\">13<\/p>\n\t              <p class=\"font-size-14 mb-0 line-height-sm\">Areas de pr\u00e1ctica<\/p>\n\t            <\/div>\n\t          <\/div>\n\t        <\/div>\n\t      \t    <\/div>\n        \t\t\t<div class=\"row justify-content-center pt-5\">\n  \t\t\t\t<div class=\"col-lg-8 text-center\">\n                          <a href=\"https:\/\/carpls.org\/es\/voluntario\/\" class=\"btn btn-teal py-2 font-bold px-5 me-2 me-lg-4 mb-4 mb-lg-0\">Voluntario <i class=\"fas fa-chevron-right ms-2 me-0\"><\/i><\/a>\n                          \t          <a href=\"https:\/\/carpls.org\/es\/acerca-de-nosotros\/\" class=\"btn btn-blue-dark py-2 font-bold px-5 mb-4 mb-lg-0\">Aprende m\u00e1s <i class=\"fas fa-chevron-right ms-2 me-0\"><\/i><\/a>\n              \t\t\t\t<\/div>\n  \t\t\t<\/div>\n      \t  <\/div>\n\t<\/div>\n<\/div>\n\n\n\n<div class=\"wp-block-cover is-light has-parallax border-bottom-teal\"><div class=\"wp-block-cover__image-background wp-image-547 has-parallax\" style=\"background-position:50% 50%;background-image:url(https:\/\/carpls1.wpengine.com\/wp-content\/uploads\/pexels-christina-morillo-1181717-scaled.jpg)\"><\/div><span aria-hidden=\"true\" class=\"wp-block-cover__background has-gray-dark-background-color has-background-dim\"><\/span><div class=\"wp-block-cover__inner-container is-layout-flow wp-block-cover-is-layout-flow\">\n<div class=\"wp-block-group\"><div class=\"wp-block-group__inner-container is-layout-flow wp-block-group-is-layout-flow\">\n<p class=\"has-text-align-center font-next mb-3 line-height-sm has-white-color has-text-color has-large-font-size\"><strong>\u201cEl abogado de CARPLS con el que habl\u00e9 fue amable, sin prejuicios y m\u00e1s paciente de lo que podr\u00eda haber so\u00f1ado\u201d<\/strong><\/p>\n\n\n\n<p class=\"has-text-align-center has-white-color has-text-color\">- Mar\u00eda, enero de 2023<\/p>\n<\/div><\/div>\n<\/div><\/div>\n\n\n\n    \n\t    <div class=\"position-relative py-5\">\n      <div class=\"container pt-lg-5\">\n        <div class=\"row justify-content-center mb-5\">\n          <div class=\"col-lg-6 order-lg-2 order-1\">\n            <div class=\"img-border-right mb-5 mb-lg-0 slide-wrap text-end\">\n              <a href=\"https:\/\/carpls.org\/es\/carpls-fy25-annual-report-is-here\/\">\n                                  <img loading=\"lazy\" decoding=\"async\" width=\"819\" height=\"1024\" src=\"https:\/\/carpls.org\/wp-content\/uploads\/annual-report-819x1024.png\" class=\"animate-in rounded-lg-left wp-post-image\" alt=\"\" srcset=\"https:\/\/carpls.org\/wp-content\/uploads\/annual-report-819x1024.png 819w, https:\/\/carpls.org\/wp-content\/uploads\/annual-report-240x300.png 240w, https:\/\/carpls.org\/wp-content\/uploads\/annual-report-768x960.png 768w, https:\/\/carpls.org\/wp-content\/uploads\/annual-report-10x12.png 10w, https:\/\/carpls.org\/wp-content\/uploads\/annual-report.png 1080w\" sizes=\"auto, (max-width: 819px) 100vw, 819px\" \/>                              <\/a>\n            <\/div>\n          <\/div>\n          <div class=\"col-lg-5 align-self-center pe-lg-5 order-lg-1 order-2\">\n            <p class=\"has-black-color font-size-36 mb-0 line-height-sm font-bold font-next\">CARPLS FY25 Annual Report is here!<\/p>\n            <div class=\"shortbar mb-1 has-blue-dark-background-color\"><\/div>\n            <p class=\"has-red-color text-uppercase font-bold font-size-16 mb-4 mb-lg-5\">Del Blog de Justicia Cotidiana<\/p>\n            <p class=\"line-height-sm mb-lg-5 mb-4 font-size-20\">It\u2019s here! Our 2025 Annual Report is live. Dive into a year of community engagement, stories of justice, and the&#8230;<\/p>\n            <a class=\"btn btn-blue-dark py-2 font-bold px-5 mb-4\" href=\"https:\/\/carpls.org\/es\/carpls-fy25-annual-report-is-here\/\">Lee mas <i class=\"fas fa-chevron-right ms-2 me-0\"><\/i><\/a>\n          <\/div>\n        <\/div>\n      <\/div>\n    <\/div>\n\t\t\n\n\n<p class=\"has-text-align-center\"><strong>CARPLS es apoyado en parte por:<\/strong><\/p>\n\n\n\n\n  \n  <div class=\"has-white-background-color mb-5\">\n\n    <div class=\"container\">\n      <div class=\"row justify-content-center\">\n\n              <div class=\"col-lg-2 col-4 align-self-center px-lg-4 py-2 text-center partner-logo-wrap six\">\n                    \n          <a href=\"\" target=\"_blank\"><img decoding=\"async\" src=\"https:\/\/carpls.org\/wp-content\/uploads\/cbf-logo.jpg\" class=\"partner-logo\"><\/a>\n        <\/div>\n              <div class=\"col-lg-2 col-4 align-self-center px-lg-4 py-2 text-center partner-logo-wrap six\">\n                    \n          <a href=\"\" target=\"_blank\"><img decoding=\"async\" src=\"https:\/\/carpls.org\/wp-content\/uploads\/ibf-logo.jpg\" class=\"partner-logo\"><\/a>\n        <\/div>\n              <div class=\"col-lg-2 col-4 align-self-center px-lg-4 py-2 text-center partner-logo-wrap six\">\n                    \n          <a href=\"\" target=\"_blank\"><img decoding=\"async\" src=\"https:\/\/carpls.org\/wp-content\/uploads\/iejf-logo.jpg\" class=\"partner-logo\"><\/a>\n        <\/div>\n              <div class=\"col-lg-2 col-4 align-self-center px-lg-4 py-2 text-center partner-logo-wrap six\">\n                    \n          <a href=\"\" target=\"_blank\"><img decoding=\"async\" src=\"https:\/\/carpls.org\/wp-content\/uploads\/ltri-logo.jpg\" class=\"partner-logo\"><\/a>\n        <\/div>\n            <\/div>\n\n          <\/div>\n  <\/div>","protected":false},"excerpt":{"rendered":"<p>CARPLS es apoyado en parte por:<\/p>","protected":false},"author":1,"featured_media":1130,"parent":0,"menu_order":-10,"comment_status":"closed","ping_status":"closed","template":"page-full.php","meta":{"_acf_changed":false,"_EventAllDay":false,"_EventTimezone":"","_EventStartDate":"","_EventEndDate":"","_EventStartDateUTC":"","_EventEndDateUTC":"","_EventShowMap":false,"_EventShowMapLink":false,"_EventURL":"","_EventCost":"","_EventCostDescription":"","_EventCurrencySymbol":"","_EventCurrencyCode":"","_EventCurrencyPosition":"","_EventDateTimeSeparator":"","_EventTimeRangeSeparator":"","_EventOrganizerID":[],"_EventVenueID":[],"_OrganizerEmail":"","_OrganizerPhone":"","_OrganizerWebsite":"","_VenueAddress":"","_VenueCity":"","_VenueCountry":"","_VenueProvince":"","_VenueState":"","_VenueZip":"","_VenuePhone":"","_VenueURL":"","_VenueStateProvince":"","_VenueLat":"","_VenueLng":"","_VenueShowMap":false,"_VenueShowMapLink":false,"footnotes":""},"class_list":["post-62","page","type-page","status-publish","has-post-thumbnail","hentry"],"acf":[],"_links":{"self":[{"href":"https:\/\/carpls.org\/es\/wp-json\/wp\/v2\/pages\/62","targetHints":{"allow":["GET"]}}],"collection":[{"href":"https:\/\/carpls.org\/es\/wp-json\/wp\/v2\/pages"}],"about":[{"href":"https:\/\/carpls.org\/es\/wp-json\/wp\/v2\/types\/page"}],"author":[{"embeddable":true,"href":"https:\/\/carpls.org\/es\/wp-json\/wp\/v2\/users\/1"}],"replies":[{"embeddable":true,"href":"https:\/\/carpls.org\/es\/wp-json\/wp\/v2\/comments?post=62"}],"version-history":[{"count":0,"href":"https:\/\/carpls.org\/es\/wp-json\/wp\/v2\/pages\/62\/revisions"}],"wp:featuredmedia":[{"embeddable":true,"href":"https:\/\/carpls.org\/es\/wp-json\/wp\/v2\/media\/1130"}],"wp:attachment":[{"href":"https:\/\/carpls.org\/es\/wp-json\/wp\/v2\/media?parent=62"}],"curies":[{"name":"wp","href":"https:\/\/api.w.org\/{rel}","templated":true}]}}