{"id":373,"date":"2022-09-06T11:58:26","date_gmt":"2022-09-06T16:58:26","guid":{"rendered":"https:\/\/carpls.local\/?page_id=373"},"modified":"2022-11-22T08:16:35","modified_gmt":"2022-11-22T14:16:35","slug":"mostradores-de-asesoramiento","status":"publish","type":"page","link":"https:\/\/carpls.org\/es\/servicios\/mostradores-de-asesoramiento\/","title":{"rendered":"Mostradores de asesoramiento CARPLS"},"content":{"rendered":"<h2 class=\"wp-block-heading\"><strong>Audiencias administrativas<\/strong><\/h2>\n\n\n\n<p>El Servicio de Autoayuda para Audiencias Administrativas del CARPLS est\u00e1 concebido para proporcionar informaci\u00f3n y asesoramiento jur\u00eddico a los numerosos <em>pro se<\/em> encuestados que se enfrentan a infracciones de la ordenanza. CARPLS agradece el apoyo de la ciudad de Chicago en la prestaci\u00f3n de este servicio de asesoramiento. Esto incluye violaciones del c\u00f3digo de construcci\u00f3n y confiscaciones de autom\u00f3viles. Se atiende a los clientes por orden de llegada. Los servicios del mostrador son gratuitos para los residentes de ingresos bajos y medios del condado de Cook.<\/p>\n\n\n\n<h2 class=\"wp-block-heading\"><strong>Mostrador de asesoramiento del tribunal municipal<\/strong><\/h2>\n\n\n\n<p>A trav\u00e9s de la Oficina de Asesoramiento del Tribunal Municipal (MCAD), CARPLS asiste a los litigantes pro se en las \u00e1reas de desalojo, consumidor\/contrato y asuntos de responsabilidad civil. El personal del MCAD ayuda a redactar los alegatos para que los clientes los presenten pro se. Los clientes que necesiten representaci\u00f3n directa ser\u00e1n remitidos a otros programas de asistencia jur\u00eddica. Los clientes son atendidos por orden de llegada. Los servicios de la Oficina son gratuitos para los residentes de bajos ingresos del Condado de Cook. CARPLS agradece a la Fundaci\u00f3n del Colegio de Abogados de Chicago y a la Corte de Circuito del Condado de Cook por financiar el Mostrador de Asesoramiento de la Corte Municipal.<\/p>","protected":false},"excerpt":{"rendered":"<p>Audiencias administrativas El Servicio de Autoayuda para Audiencias Administrativas de CARPLS tiene por objeto proporcionar informaci\u00f3n y asesoramiento jur\u00eddico a los numerosos pro...<\/p>","protected":false},"author":1,"featured_media":547,"parent":243,"menu_order":0,"comment_status":"closed","ping_status":"closed","template":"","meta":{"_acf_changed":false,"_EventAllDay":false,"_EventTimezone":"","_EventStartDate":"","_EventEndDate":"","_EventStartDateUTC":"","_EventEndDateUTC":"","_EventShowMap":false,"_EventShowMapLink":false,"_EventURL":"","_EventCost":"","_EventCostDescription":"","_EventCurrencySymbol":"","_EventCurrencyCode":"","_EventCurrencyPosition":"","_EventDateTimeSeparator":"","_EventTimeRangeSeparator":"","_EventOrganizerID":[],"_EventVenueID":[],"_OrganizerEmail":"","_OrganizerPhone":"","_OrganizerWebsite":"","_VenueAddress":"","_VenueCity":"","_VenueCountry":"","_VenueProvince":"","_VenueState":"","_VenueZip":"","_VenuePhone":"","_VenueURL":"","_VenueStateProvince":"","_VenueLat":"","_VenueLng":"","_VenueShowMap":false,"_VenueShowMapLink":false,"footnotes":""},"class_list":["post-373","page","type-page","status-publish","has-post-thumbnail","hentry"],"acf":[],"_links":{"self":[{"href":"https:\/\/carpls.org\/es\/wp-json\/wp\/v2\/pages\/373","targetHints":{"allow":["GET"]}}],"collection":[{"href":"https:\/\/carpls.org\/es\/wp-json\/wp\/v2\/pages"}],"about":[{"href":"https:\/\/carpls.org\/es\/wp-json\/wp\/v2\/types\/page"}],"author":[{"embeddable":true,"href":"https:\/\/carpls.org\/es\/wp-json\/wp\/v2\/users\/1"}],"replies":[{"embeddable":true,"href":"https:\/\/carpls.org\/es\/wp-json\/wp\/v2\/comments?post=373"}],"version-history":[{"count":0,"href":"https:\/\/carpls.org\/es\/wp-json\/wp\/v2\/pages\/373\/revisions"}],"up":[{"embeddable":true,"href":"https:\/\/carpls.org\/es\/wp-json\/wp\/v2\/pages\/243"}],"wp:featuredmedia":[{"embeddable":true,"href":"https:\/\/carpls.org\/es\/wp-json\/wp\/v2\/media\/547"}],"wp:attachment":[{"href":"https:\/\/carpls.org\/es\/wp-json\/wp\/v2\/media?parent=373"}],"curies":[{"name":"wp","href":"https:\/\/api.w.org\/{rel}","templated":true}]}}