{"id":348,"date":"2022-09-06T11:48:53","date_gmt":"2022-09-06T16:48:53","guid":{"rendered":"https:\/\/carpls.local\/?page_id=348"},"modified":"2026-02-27T09:35:12","modified_gmt":"2026-02-27T15:35:12","slug":"carreras","status":"publish","type":"page","link":"https:\/\/carpls.org\/es\/carreras\/","title":{"rendered":"Carreras"},"content":{"rendered":"<p><strong>Asistencia jur\u00eddica de CARPLS<\/strong> se cre\u00f3 como la primera l\u00ednea directa de asistencia jur\u00eddica del pa\u00eds en 1993 y desde entonces ha sido una empresa innovadora a escala nacional. La misi\u00f3n de la organizaci\u00f3n es garantizar que cualquier persona necesitada pueda acceder a ayuda jur\u00eddica. Gracias a la dedicaci\u00f3n de su personal y al continuo desarrollo tecnol\u00f3gico, CARPLS se ha convertido en socio principal de cuatro programas estatales y es el mayor proveedor de servicios jur\u00eddicos gratuitos del condado de Cook.<\/p>\n\n\n\n<hr class=\"wp-block-separator has-alpha-channel-opacity\"\/>\n\n\n\n<p>CARPLS is not currently hiring.<\/p>","protected":false},"excerpt":{"rendered":"<p>CARPLS Legal Aid se cre\u00f3 como la primera l\u00ednea telef\u00f3nica de asistencia jur\u00eddica del pa\u00eds en 1993 y ha sido...<\/p>","protected":false},"author":1,"featured_media":557,"parent":0,"menu_order":0,"comment_status":"closed","ping_status":"closed","template":"","meta":{"_acf_changed":false,"_EventAllDay":false,"_EventTimezone":"","_EventStartDate":"","_EventEndDate":"","_EventStartDateUTC":"","_EventEndDateUTC":"","_EventShowMap":false,"_EventShowMapLink":false,"_EventURL":"","_EventCost":"","_EventCostDescription":"","_EventCurrencySymbol":"","_EventCurrencyCode":"","_EventCurrencyPosition":"","_EventDateTimeSeparator":"","_EventTimeRangeSeparator":"","_EventOrganizerID":[],"_EventVenueID":[],"_OrganizerEmail":"","_OrganizerPhone":"","_OrganizerWebsite":"","_VenueAddress":"","_VenueCity":"","_VenueCountry":"","_VenueProvince":"","_VenueState":"","_VenueZip":"","_VenuePhone":"","_VenueURL":"","_VenueStateProvince":"","_VenueLat":"","_VenueLng":"","_VenueShowMap":false,"_VenueShowMapLink":false,"footnotes":""},"class_list":["post-348","page","type-page","status-publish","has-post-thumbnail","hentry"],"acf":[],"_links":{"self":[{"href":"https:\/\/carpls.org\/es\/wp-json\/wp\/v2\/pages\/348","targetHints":{"allow":["GET"]}}],"collection":[{"href":"https:\/\/carpls.org\/es\/wp-json\/wp\/v2\/pages"}],"about":[{"href":"https:\/\/carpls.org\/es\/wp-json\/wp\/v2\/types\/page"}],"author":[{"embeddable":true,"href":"https:\/\/carpls.org\/es\/wp-json\/wp\/v2\/users\/1"}],"replies":[{"embeddable":true,"href":"https:\/\/carpls.org\/es\/wp-json\/wp\/v2\/comments?post=348"}],"version-history":[{"count":0,"href":"https:\/\/carpls.org\/es\/wp-json\/wp\/v2\/pages\/348\/revisions"}],"wp:featuredmedia":[{"embeddable":true,"href":"https:\/\/carpls.org\/es\/wp-json\/wp\/v2\/media\/557"}],"wp:attachment":[{"href":"https:\/\/carpls.org\/es\/wp-json\/wp\/v2\/media?parent=348"}],"curies":[{"name":"wp","href":"https:\/\/api.w.org\/{rel}","templated":true}]}}