{"id":342,"date":"2022-09-06T11:48:05","date_gmt":"2022-09-06T16:48:05","guid":{"rendered":"https:\/\/carpls.local\/?page_id=342"},"modified":"2024-08-08T11:08:16","modified_gmt":"2024-08-08T16:08:16","slug":"acerca-de-nosotros","status":"publish","type":"page","link":"https:\/\/carpls.org\/es\/acerca-de-nosotros\/","title":{"rendered":"Sobre nosotros"},"content":{"rendered":"<div class=\"wp-block-group\" style=\"padding-top:50px\"><div class=\"wp-block-group__inner-container is-layout-flow wp-block-group-is-layout-flow\">\n<h2 class=\"wp-block-heading has-text-align-center has-teal-color has-text-color\">30 a\u00f1os de acceso a la justicia<\/h2>\n\n\n\n<hr class=\"wp-block-separator has-alpha-channel-opacity\"\/>\n<\/div><\/div>\n\n\n\n<div class=\"wp-block-group is-style-narrow-width\" style=\"padding-bottom:100px\"><div class=\"wp-block-group__inner-container is-layout-flow wp-block-group-is-layout-flow\">\n<p>CARPLS es una organizaci\u00f3n sin \u00e1nimo de lucro 501(c)(3). S\u00ed, tenemos un nombre inusual, pero hacemos un trabajo serio. Somos el mayor proveedor de servicios legales gratuitos del Condado de Cook a trav\u00e9s de nuestra l\u00ednea telef\u00f3nica principal. Tambi\u00e9n ayudamos a los residentes de Illinois de ingresos bajos y moderados a trav\u00e9s de nuestros proyectos especiales.<\/p>\n\n\n\n<p>Fundado en 1993 (entonces conocido como Coordinated Advice &amp; Referral Program for Legal Services), CARPLS ha ayudado a m\u00e1s de 800.000 residentes a encontrar soluciones a sus asuntos jur\u00eddicos cotidianos.<\/p>\n<\/div><\/div>\n\n\n<div class=\"py-5\" style=\"background-color: #c3dae0\">\n  <div class=\"container position-relative section-shift-up\">\n        <div class=\"row justify-content-center gx-lg-5\">\n          <div class=\"col-lg-4 mb-4\">\n        <div class=\"hover-up position-relative\">\n          <div class=\"text-center mt-3 p-3 has-teal-background-color rounded-top\"><i class=\"fa-classic fa-solid fa-book-open has-white-color fa-2x\"><\/i><\/div>\n          <div class=\"has-white-background-color p-4 rounded-bottom shadow-sm\">\n            <p class=\"text-center font-size-22 font-heading font-bold mb-3\">Aviso legal<\/p>\n            <p class=\"mb-0 line-height-regular\">Nuestros experimentados y compasivos abogados han ayudado a los clientes a manejar eficazmente los problemas de divorcio y custodia, disputas entre propietarios e inquilinos, ejecuciones hipotecarias, deudas de los consumidores y mucho m\u00e1s. Para saber m\u00e1s sobre nuestros proyectos en el condado de Cook y en todo el estado, haga clic a continuaci\u00f3n.<\/p>\n                          <div class=\"text-center\">\n                <a href=\"\/es\/servicios\/\" class=\"btn btn-teal btn-special mt-3 px-4 rounded stretched-link\">Aprende m\u00e1s<\/a>\n              <\/div>\n                      <\/div>\n        <\/div>\n      <\/div>\n          <div class=\"col-lg-4 mb-4\">\n        <div class=\"hover-up position-relative\">\n          <div class=\"text-center mt-3 p-3 has-teal-background-color rounded-top\"><i class=\"fa-classic fa-solid fa-phone-volume has-white-color fa-2x\"><\/i><\/div>\n          <div class=\"has-white-background-color p-4 rounded-bottom shadow-sm\">\n            <p class=\"text-center font-size-22 font-heading font-bold mb-3\">L\u00ednea de atenci\u00f3n telef\u00f3nica<\/p>\n            <p class=\"mb-0 line-height-regular\">CARPLS gestiona una l\u00ednea telef\u00f3nica gratuita en la que la gente habla directamente con abogados que ofrecen asesoramiento y asistencia legal, a menudo resolviendo los problemas en una sola llamada. Nuestra l\u00ednea telef\u00f3nica, la primera de este tipo en el pa\u00eds, ha servido de modelo para los proveedores de asistencia jur\u00eddica de todo el pa\u00eds.<\/p>\n                      <\/div>\n        <\/div>\n      <\/div>\n          <div class=\"col-lg-4 mb-4\">\n        <div class=\"hover-up position-relative\">\n          <div class=\"text-center mt-3 p-3 has-teal-background-color rounded-top\"><i class=\"fa-classic fa-solid fa-building-columns has-white-color fa-2x\"><\/i><\/div>\n          <div class=\"has-white-background-color p-4 rounded-bottom shadow-sm\">\n            <p class=\"text-center font-size-22 font-heading font-bold mb-3\">Centros de ayuda judicial<\/p>\n            <p class=\"mb-0 line-height-regular\">CARPLS ofrece asesoramiento jur\u00eddico y asistencia en la preparaci\u00f3n de documentos en cuatro centros de autoayuda con sede en los tribunales. Estos servicios se prestan a las personas que se representan a s\u00ed mismas, ya que no representamos a los clientes en los tribunales.<\/p>\n                      <\/div>\n        <\/div>\n      <\/div>\n        <\/div>\n  <\/div>\n<\/div>\n\n\n<div class=\"has-blue-light-background-color\">\n\t<div class=\"pb-5 pt-4\">\n\t\t<div class=\"container\">\n\t\t\t<div class=\"row justify-content-center\">\n\t\t\t\t<div class=\"col-lg-8 pt-5\">\n\t\t\t\t\t<div class=\"text-center\">\n            <p class=\"has-black-color font-size-36 mb-3 line-height-sm font-bold font-next\">Por los n\u00fameros<\/p>\n            <div class=\"shortbar mb-lg-5 mb-4 has-teal-background-color mx-auto\"><\/div>\n\t\t\t\t\t<\/div>\n\t\t\t\t<\/div>\n\t\t\t<\/div>\n\t    <div class=\"row\">\n\t      \t        <div class=\"col-lg-4 py-4\">\n\t          <div class=\"row slide-wrap\">\n\t            <div class=\"col-4 text-center pt-lg-4 animate-in\">\n\t              <i class=\"fa-classic fa-solid fa-comments fa-fw fa-4x has-blue-dark-color\"><\/i>\n\t            <\/div>\n\t            <div class=\"col-8\">\n\t              <p class=\"mb-0 font-size-45 line-height-sm has-red-color font-bold font-next text-uppercase\">87,500+<\/p>\n\t              <p class=\"font-size-14 mb-0 line-height-sm\">consultas legales brindadas el a\u00f1o pasado<\/p>\n\t            <\/div>\n\t          <\/div>\n\t        <\/div>\n\t      \t        <div class=\"col-lg-4 py-4\">\n\t          <div class=\"row slide-wrap\">\n\t            <div class=\"col-4 text-center pt-lg-4 animate-in\">\n\t              <i class=\"fa-classic fa-solid fa-people-group fa-fw fa-4x has-blue-dark-color\"><\/i>\n\t            <\/div>\n\t            <div class=\"col-8\">\n\t              <p class=\"mb-0 font-size-45 line-height-sm has-red-color font-bold font-next text-uppercase\">85\u00a2<\/p>\n\t              <p class=\"font-size-14 mb-0 line-height-sm\">de cada d\u00f3lar recaudado va directamente a servicios al cliente<\/p>\n\t            <\/div>\n\t          <\/div>\n\t        <\/div>\n\t      \t        <div class=\"col-lg-4 py-4\">\n\t          <div class=\"row slide-wrap\">\n\t            <div class=\"col-4 text-center pt-lg-4 animate-in\">\n\t              <i class=\"fa-classic fa-solid fa-phone fa-fw fa-4x has-blue-dark-color\"><\/i>\n\t            <\/div>\n\t            <div class=\"col-8\">\n\t              <p class=\"mb-0 font-size-45 line-height-sm has-red-color font-bold font-next text-uppercase\">2\/3<\/p>\n\t              <p class=\"font-size-14 mb-0 line-height-sm\">de los nuevos clientes nunca han hablado con un abogado antes de llamar<\/p>\n\t            <\/div>\n\t          <\/div>\n\t        <\/div>\n\t      \t        <div class=\"col-lg-4 py-4\">\n\t          <div class=\"row slide-wrap\">\n\t            <div class=\"col-4 text-center pt-lg-4 animate-in\">\n\t              <i class=\"fa-classic fa-solid fa-business-time fa-fw fa-4x has-blue-dark-color\"><\/i>\n\t            <\/div>\n\t            <div class=\"col-8\">\n\t              <p class=\"mb-0 font-size-45 line-height-sm has-red-color font-bold font-next text-uppercase\">25+<\/p>\n\t              <p class=\"font-size-14 mb-0 line-height-sm\">a\u00f1os de experiencia legal en promedio para nuestros abogados<\/p>\n\t            <\/div>\n\t          <\/div>\n\t        <\/div>\n\t      \t        <div class=\"col-lg-4 py-4\">\n\t          <div class=\"row slide-wrap\">\n\t            <div class=\"col-4 text-center pt-lg-4 animate-in\">\n\t              <i class=\"fa-classic fa-solid fa-thumbs-up fa-fw fa-4x has-blue-dark-color\"><\/i>\n\t            <\/div>\n\t            <div class=\"col-8\">\n\t              <p class=\"mb-0 font-size-45 line-height-sm has-red-color font-bold font-next text-uppercase\">94%<\/p>\n\t              <p class=\"font-size-14 mb-0 line-height-sm\">de nuestros clientes nos recomendar\u00eda a un amigo<\/p>\n\t            <\/div>\n\t          <\/div>\n\t        <\/div>\n\t      \t        <div class=\"col-lg-4 py-4\">\n\t          <div class=\"row slide-wrap\">\n\t            <div class=\"col-4 text-center pt-lg-4 animate-in\">\n\t              <i class=\"fa-classic fa-solid fa-building-columns fa-fw fa-4x has-blue-dark-color\"><\/i>\n\t            <\/div>\n\t            <div class=\"col-8\">\n\t              <p class=\"mb-0 font-size-45 line-height-sm has-red-color font-bold font-next text-uppercase\">13<\/p>\n\t              <p class=\"font-size-14 mb-0 line-height-sm\">Areas de pr\u00e1ctica<\/p>\n\t            <\/div>\n\t          <\/div>\n\t        <\/div>\n\t      \t    <\/div>\n        \t\t\t<div class=\"row justify-content-center pt-5\">\n  \t\t\t\t<div class=\"col-lg-8 text-center\">\n                          <a href=\"https:\/\/carpls.org\/es\/informe-anual\/\" class=\"btn btn-teal py-2 font-bold px-5 me-2 me-lg-4 mb-4 mb-lg-0\">Reporte anual <i class=\"fas fa-chevron-right ms-2 me-0\"><\/i><\/a>\n                          \t          <a href=\"https:\/\/carpls.org\/es\/donar\/\" class=\"btn btn-blue-dark py-2 font-bold px-5 mb-4 mb-lg-0\">Donar <i class=\"fas fa-chevron-right ms-2 me-0\"><\/i><\/a>\n              \t\t\t\t<\/div>\n  \t\t\t<\/div>\n      \t  <\/div>\n\t<\/div>\n<\/div>","protected":false},"excerpt":{"rendered":"<p>Acceso a la justicia desde hace 30 a\u00f1os CARPLS es una organizaci\u00f3n sin \u00e1nimo de lucro 501(c)(3). S\u00ed, tenemos un nombre poco habitual, pero...<\/p>","protected":false},"author":1,"featured_media":89,"parent":0,"menu_order":0,"comment_status":"closed","ping_status":"closed","template":"page-full.php","meta":{"_acf_changed":false,"_EventAllDay":false,"_EventTimezone":"","_EventStartDate":"","_EventEndDate":"","_EventStartDateUTC":"","_EventEndDateUTC":"","_EventShowMap":false,"_EventShowMapLink":false,"_EventURL":"","_EventCost":"","_EventCostDescription":"","_EventCurrencySymbol":"","_EventCurrencyCode":"","_EventCurrencyPosition":"","_EventDateTimeSeparator":"","_EventTimeRangeSeparator":"","_EventOrganizerID":[],"_EventVenueID":[],"_OrganizerEmail":"","_OrganizerPhone":"","_OrganizerWebsite":"","_VenueAddress":"","_VenueCity":"","_VenueCountry":"","_VenueProvince":"","_VenueState":"","_VenueZip":"","_VenuePhone":"","_VenueURL":"","_VenueStateProvince":"","_VenueLat":"","_VenueLng":"","_VenueShowMap":false,"_VenueShowMapLink":false,"footnotes":""},"class_list":["post-342","page","type-page","status-publish","has-post-thumbnail","hentry"],"acf":[],"_links":{"self":[{"href":"https:\/\/carpls.org\/es\/wp-json\/wp\/v2\/pages\/342","targetHints":{"allow":["GET"]}}],"collection":[{"href":"https:\/\/carpls.org\/es\/wp-json\/wp\/v2\/pages"}],"about":[{"href":"https:\/\/carpls.org\/es\/wp-json\/wp\/v2\/types\/page"}],"author":[{"embeddable":true,"href":"https:\/\/carpls.org\/es\/wp-json\/wp\/v2\/users\/1"}],"replies":[{"embeddable":true,"href":"https:\/\/carpls.org\/es\/wp-json\/wp\/v2\/comments?post=342"}],"version-history":[{"count":0,"href":"https:\/\/carpls.org\/es\/wp-json\/wp\/v2\/pages\/342\/revisions"}],"wp:featuredmedia":[{"embeddable":true,"href":"https:\/\/carpls.org\/es\/wp-json\/wp\/v2\/media\/89"}],"wp:attachment":[{"href":"https:\/\/carpls.org\/es\/wp-json\/wp\/v2\/media?parent=342"}],"curies":[{"name":"wp","href":"https:\/\/api.w.org\/{rel}","templated":true}]}}