{"id":338,"date":"2022-09-06T11:44:07","date_gmt":"2022-09-06T16:44:07","guid":{"rendered":"https:\/\/carpls.local\/?page_id=338"},"modified":"2022-12-22T10:02:47","modified_gmt":"2022-12-22T16:02:47","slug":"ayuda-legal-del-condado-de-cook-para-vivienda-y-deudas","status":"publish","type":"page","link":"https:\/\/carpls.org\/es\/servicios\/ayuda-legal-del-condado-de-cook-para-vivienda-y-deudas\/","title":{"rendered":"L\u00ednea directa del CCLAHD"},"content":{"rendered":"<div class=\"wp-block-image\">\n<figure class=\"aligncenter size-large is-resized\"><img loading=\"lazy\" decoding=\"async\" src=\"https:\/\/carpls.org\/wp-content\/uploads\/Cook-County-Legal-Aid-for-Housing-and-Debt-1024x415.png\" alt=\"\" class=\"wp-image-517\" width=\"512\" height=\"208\" srcset=\"https:\/\/carpls.org\/wp-content\/uploads\/Cook-County-Legal-Aid-for-Housing-and-Debt-1024x415.png 1024w, https:\/\/carpls.org\/wp-content\/uploads\/Cook-County-Legal-Aid-for-Housing-and-Debt-300x122.png 300w, https:\/\/carpls.org\/wp-content\/uploads\/Cook-County-Legal-Aid-for-Housing-and-Debt-768x311.png 768w, https:\/\/carpls.org\/wp-content\/uploads\/Cook-County-Legal-Aid-for-Housing-and-Debt-18x7.png 18w, https:\/\/carpls.org\/wp-content\/uploads\/Cook-County-Legal-Aid-for-Housing-and-Debt.png 1046w\" sizes=\"auto, (max-width: 512px) 100vw, 512px\" \/><\/figure>\n<\/div>\n\n\n<div class=\"wp-block-buttons mt-4 is-content-justification-center is-layout-flex wp-container-core-buttons-is-layout-16018d1d wp-block-buttons-is-layout-flex\">\n<div class=\"wp-block-button aligncenter has-custom-font-size\" style=\"font-size:20px\"><a class=\"wp-block-button__link has-white-color has-teal-background-color has-text-color has-background wp-element-button\" href=\"tel:855-956-5763\" style=\"border-radius:0px\">Llame al 855-956-5763<\/a><\/div>\n<\/div>\n\n\n\n<hr class=\"wp-block-separator has-alpha-channel-opacity\"\/>\n\n\n\n<p class=\"has-text-align-center\">Lunes-Viernes, 9am-4:30pm<\/p>\n\n\n\n<p class=\"has-text-align-center\"><a href=\"https:\/\/www.cookcountylegalaid.org\/\" target=\"_blank\" rel=\"noreferrer noopener\">Visite el sitio web del Programa de Resoluci\u00f3n Anticipada\/Ayuda Jur\u00eddica del Condado de Cook para la Vivienda y las Deudas<\/a><\/p>\n\n\n\n<hr class=\"wp-block-separator has-alpha-channel-opacity\"\/>\n\n\n\n<p>El Programa de Resoluci\u00f3n Temprana, a trav\u00e9s de Cook County Legal Aid for Housing &amp; Debt, incluye asistencia jur\u00eddica gratuita, servicios de mediaci\u00f3n y conexiones con otros recursos, incluida la ayuda para el alquiler. La mediaci\u00f3n es una oportunidad para que el propietario y el inquilino, o el deudor y el acreedor, resuelvan sus problemas con la ayuda de una persona experta y neutral.<\/p>\n\n\n\n<p>Los desahucios, las ejecuciones hipotecarias y los problemas de deuda no resueltos pueden tener un impacto negativo y duradero en su futuro. Llame al Programa de Resoluci\u00f3n Temprana para hablar con un abogado y conectarse con otros recursos. Este programa esta disponible para todos los residentes del Condado de Cook sin costo alguno. No es necesario tener un caso en la corte para obtener ayuda.<\/p>\n\n\n\n<p>Entre los socios se encuentran:<\/p>\n\n\n\n<ul class=\"wp-block-list\">\n<li>Asistencia jur\u00eddica de CARPLS<\/li>\n\n\n\n<li>Cl\u00ednica Jur\u00eddica del Gran Chicago<\/li>\n\n\n\n<li>Centro de Resoluci\u00f3n de Conflictos<\/li>\n\n\n\n<li>Comit\u00e9 de Abogados por una Vivienda Mejor<\/li>\n\n\n\n<li>Centro de Derecho de la Discapacidad y la Vejez<\/li>\n\n\n\n<li>Asistencia jur\u00eddica en Chicago<\/li>\n\n\n\n<li>Servicios legales voluntarios de Chicago<\/li>\n\n\n\n<li>Sociedad de Ayuda Legal de Servicios Familiares Metropolitanos<\/li>\n<\/ul>","protected":false},"excerpt":{"rendered":"<p>De lunes a viernes, de 9 a.m. a 4:30 p.m. Visite el sitio web de Early Resolution Program\/Cook County Legal Aid for Housing and Debt El Programa de...<\/p>","protected":false},"author":1,"featured_media":84,"parent":243,"menu_order":0,"comment_status":"closed","ping_status":"closed","template":"","meta":{"_acf_changed":false,"_EventAllDay":false,"_EventTimezone":"","_EventStartDate":"","_EventEndDate":"","_EventStartDateUTC":"","_EventEndDateUTC":"","_EventShowMap":false,"_EventShowMapLink":false,"_EventURL":"","_EventCost":"","_EventCostDescription":"","_EventCurrencySymbol":"","_EventCurrencyCode":"","_EventCurrencyPosition":"","_EventDateTimeSeparator":"","_EventTimeRangeSeparator":"","_EventOrganizerID":[],"_EventVenueID":[],"_OrganizerEmail":"","_OrganizerPhone":"","_OrganizerWebsite":"","_VenueAddress":"","_VenueCity":"","_VenueCountry":"","_VenueProvince":"","_VenueState":"","_VenueZip":"","_VenuePhone":"","_VenueURL":"","_VenueStateProvince":"","_VenueLat":"","_VenueLng":"","_VenueShowMap":false,"_VenueShowMapLink":false,"footnotes":""},"class_list":["post-338","page","type-page","status-publish","has-post-thumbnail","hentry"],"acf":[],"_links":{"self":[{"href":"https:\/\/carpls.org\/es\/wp-json\/wp\/v2\/pages\/338","targetHints":{"allow":["GET"]}}],"collection":[{"href":"https:\/\/carpls.org\/es\/wp-json\/wp\/v2\/pages"}],"about":[{"href":"https:\/\/carpls.org\/es\/wp-json\/wp\/v2\/types\/page"}],"author":[{"embeddable":true,"href":"https:\/\/carpls.org\/es\/wp-json\/wp\/v2\/users\/1"}],"replies":[{"embeddable":true,"href":"https:\/\/carpls.org\/es\/wp-json\/wp\/v2\/comments?post=338"}],"version-history":[{"count":0,"href":"https:\/\/carpls.org\/es\/wp-json\/wp\/v2\/pages\/338\/revisions"}],"up":[{"embeddable":true,"href":"https:\/\/carpls.org\/es\/wp-json\/wp\/v2\/pages\/243"}],"wp:featuredmedia":[{"embeddable":true,"href":"https:\/\/carpls.org\/es\/wp-json\/wp\/v2\/media\/84"}],"wp:attachment":[{"href":"https:\/\/carpls.org\/es\/wp-json\/wp\/v2\/media?parent=338"}],"curies":[{"name":"wp","href":"https:\/\/api.w.org\/{rel}","templated":true}]}}