{"id":334,"date":"2022-09-06T11:42:57","date_gmt":"2022-09-06T16:42:57","guid":{"rendered":"https:\/\/carpls.local\/?page_id=334"},"modified":"2025-05-05T16:33:22","modified_gmt":"2025-05-05T21:33:22","slug":"new-leaf-illinois","status":"publish","type":"page","link":"https:\/\/carpls.org\/es\/servicios\/new-leaf-illinois\/","title":{"rendered":"L\u00ednea directa de New Leaf Illinois"},"content":{"rendered":"<div class=\"wp-block-image\">\n<figure class=\"aligncenter size-full is-resized\"><img loading=\"lazy\" decoding=\"async\" width=\"998\" height=\"1024\" src=\"https:\/\/carpls.org\/wp-content\/uploads\/New-Leaf-998x1024-1.png\" alt=\"\" class=\"wp-image-520\" style=\"width:250px;height:256px\" srcset=\"https:\/\/carpls.org\/wp-content\/uploads\/New-Leaf-998x1024-1.png 998w, https:\/\/carpls.org\/wp-content\/uploads\/New-Leaf-998x1024-1-292x300.png 292w, https:\/\/carpls.org\/wp-content\/uploads\/New-Leaf-998x1024-1-768x788.png 768w, https:\/\/carpls.org\/wp-content\/uploads\/New-Leaf-998x1024-1-12x12.png 12w\" sizes=\"auto, (max-width: 998px) 100vw, 998px\" \/><\/figure>\n<\/div>\n\n\n<hr class=\"wp-block-separator has-alpha-channel-opacity\"\/>\n\n\n\n<div class=\"wp-block-buttons is-content-justification-center is-layout-flex wp-container-core-buttons-is-layout-16018d1d wp-block-buttons-is-layout-flex\">\n<div class=\"wp-block-button aligncenter is-style-fill\"><a class=\"wp-block-button__link has-white-color has-teal-background-color has-text-color has-background has-custom-font-size wp-element-button\" href=\"http:\/\/newleafillinois.org\/\" style=\"border-radius:0px;font-size:20px\" target=\"_blank\" rel=\"noreferrer noopener\"><strong>Visite el sitio web de New Leaf Illinois<\/strong><\/a><\/div>\n\n\n\n<div class=\"wp-block-button is-style-fill\"><a class=\"wp-block-button__link has-white-color has-teal-background-color has-text-color has-background has-custom-font-size wp-element-button\" href=\"tel:8726395323\" style=\"border-radius:0px;font-size:20px\" target=\"_blank\" rel=\"noreferrer noopener\">Ll\u00e1menos al (872) NEW-LEAF<\/a><\/div>\n<\/div>\n\n\n\n<p>New Leaf Illinois es una iniciativa estatal financiada por el estado y compuesta por 17 organizaciones sin \u00e1nimo de lucro de todo Illinois que ofrecen representaci\u00f3n legal gratuita o informaci\u00f3n jur\u00eddica a las personas afectadas por una detenci\u00f3n relacionada con el cannabis. Los abogados de New Leaf ayudan a los candidatos que re\u00fanen los requisitos a borrar\/sellar TODOS los antecedentes penales que re\u00fanen los requisitos, no solo sus casos relacionados con el cannabis.<\/p>\n\n\n\n<p>Sabemos que el sistema legal puede parecer intimidante. New Leaf est\u00e1 aqu\u00ed para ayudar en cada paso del camino.<\/p>\n\n\n\n<p>New Leaf Illinois est\u00e1 comprometida con la justicia equitativa para todos aquellos que fueron previamente arrestados o condenados por consumo, producci\u00f3n y venta de cannabis. El proceso de eliminaci\u00f3n de antecedentes penales es un paso hacia la reparaci\u00f3n del da\u00f1o causado por la guerra contra las drogas, que afect\u00f3 injustamente a las personas de color y a los econ\u00f3micamente desfavorecidos. New Leaf Illinois es un proyecto de la Fundaci\u00f3n para la Igualdad de Justicia de Illinois.<\/p>\n\n\n\n<hr class=\"wp-block-separator has-alpha-channel-opacity\"\/>\n\n\n\n<h2 class=\"wp-block-heading has-text-align-center has-teal-color has-text-color\" style=\"font-size:30px\"><strong>Ver para saber m\u00e1s<\/strong><\/h2>\n\n\n\n<div style=\"height:30px\" aria-hidden=\"true\" class=\"wp-block-spacer\"><\/div>\n\n\n\n<div class=\"wp-block-group spanish-hide\"><div class=\"wp-block-group__inner-container is-layout-constrained wp-block-group-is-layout-constrained\">\n<figure class=\"wp-block-embed is-type-video is-provider-vimeo wp-block-embed-vimeo wp-embed-aspect-16-9 wp-has-aspect-ratio\"><div class=\"wp-block-embed__wrapper\">\n<iframe loading=\"lazy\" title=\"Nueva hoja Illinois\" src=\"https:\/\/player.vimeo.com\/video\/570279149?dnt=1&amp;app_id=122963\" width=\"500\" height=\"281\" frameborder=\"0\" allow=\"autoplay; fullscreen; picture-in-picture; clipboard-write\"><\/iframe>\n<\/div><\/figure>\n<\/div><\/div>\n\n\n\n<div class=\"wp-block-group spanish-show\"><div class=\"wp-block-group__inner-container is-layout-constrained wp-block-group-is-layout-constrained\">\n<figure class=\"wp-block-embed is-type-video is-provider-vimeo wp-block-embed-vimeo wp-embed-aspect-16-9 wp-has-aspect-ratio\"><div class=\"wp-block-embed__wrapper\">\n<iframe loading=\"lazy\" title=\"New Leaf Illinois_Espa\u00f1ol\" src=\"https:\/\/player.vimeo.com\/video\/570282877?dnt=1&amp;app_id=122963\" width=\"500\" height=\"281\" frameborder=\"0\" allow=\"autoplay; fullscreen; picture-in-picture; clipboard-write\"><\/iframe>\n<\/div><\/figure>\n<\/div><\/div>","protected":false},"excerpt":{"rendered":"<p>New Leaf Illinois es una iniciativa estatal financiada por el Estado y compuesta por 17 organizaciones sin \u00e1nimo de lucro de todo Illinois que...<\/p>","protected":false},"author":1,"featured_media":546,"parent":243,"menu_order":0,"comment_status":"closed","ping_status":"closed","template":"","meta":{"_acf_changed":false,"_EventAllDay":false,"_EventTimezone":"","_EventStartDate":"","_EventEndDate":"","_EventStartDateUTC":"","_EventEndDateUTC":"","_EventShowMap":false,"_EventShowMapLink":false,"_EventURL":"","_EventCost":"","_EventCostDescription":"","_EventCurrencySymbol":"","_EventCurrencyCode":"","_EventCurrencyPosition":"","_EventDateTimeSeparator":"","_EventTimeRangeSeparator":"","_EventOrganizerID":[],"_EventVenueID":[],"_OrganizerEmail":"","_OrganizerPhone":"","_OrganizerWebsite":"","_VenueAddress":"","_VenueCity":"","_VenueCountry":"","_VenueProvince":"","_VenueState":"","_VenueZip":"","_VenuePhone":"","_VenueURL":"","_VenueStateProvince":"","_VenueLat":"","_VenueLng":"","_VenueShowMap":false,"_VenueShowMapLink":false,"footnotes":""},"class_list":["post-334","page","type-page","status-publish","has-post-thumbnail","hentry"],"acf":[],"_links":{"self":[{"href":"https:\/\/carpls.org\/es\/wp-json\/wp\/v2\/pages\/334","targetHints":{"allow":["GET"]}}],"collection":[{"href":"https:\/\/carpls.org\/es\/wp-json\/wp\/v2\/pages"}],"about":[{"href":"https:\/\/carpls.org\/es\/wp-json\/wp\/v2\/types\/page"}],"author":[{"embeddable":true,"href":"https:\/\/carpls.org\/es\/wp-json\/wp\/v2\/users\/1"}],"replies":[{"embeddable":true,"href":"https:\/\/carpls.org\/es\/wp-json\/wp\/v2\/comments?post=334"}],"version-history":[{"count":0,"href":"https:\/\/carpls.org\/es\/wp-json\/wp\/v2\/pages\/334\/revisions"}],"up":[{"embeddable":true,"href":"https:\/\/carpls.org\/es\/wp-json\/wp\/v2\/pages\/243"}],"wp:featuredmedia":[{"embeddable":true,"href":"https:\/\/carpls.org\/es\/wp-json\/wp\/v2\/media\/546"}],"wp:attachment":[{"href":"https:\/\/carpls.org\/es\/wp-json\/wp\/v2\/media?parent=334"}],"curies":[{"name":"wp","href":"https:\/\/api.w.org\/{rel}","templated":true}]}}