{"id":331,"date":"2022-09-06T11:37:43","date_gmt":"2022-09-06T16:37:43","guid":{"rendered":"https:\/\/carpls.local\/?page_id=331"},"modified":"2024-08-08T10:16:56","modified_gmt":"2024-08-08T15:16:56","slug":"linea-directa-del-condado-de-cook","status":"publish","type":"page","link":"https:\/\/carpls.org\/es\/servicios\/linea-directa-del-condado-de-cook\/","title":{"rendered":"CARPLS L\u00ednea directa de asistencia jur\u00eddica del condado de Cook"},"content":{"rendered":"<div class=\"wp-block-buttons is-layout-flex wp-block-buttons-is-layout-flex\">\n<div class=\"wp-block-button aligncenter has-custom-font-size mb-0\" style=\"font-size:22px\"><a class=\"wp-block-button__link has-white-color has-teal-background-color has-text-color has-background wp-element-button\" href=\"tel:3127389200\">Llame al 312-738-9200<\/a><\/div>\n<\/div>\n\n\n\n<p class=\"has-text-align-center\">Lunes-Viernes, 9am-4:30pm<\/p>\n\n\n\n<hr class=\"wp-block-separator has-alpha-channel-opacity\"\/>\n\n\n\n<p>Cada a\u00f1o, ayudamos gratuitamente a miles de personas que no pueden permitirse un abogado a encontrar respuestas a sus problemas jur\u00eddicos cotidianos. Servimos a residentes de ingresos bajos y moderados del condado de Cook.<\/p>\n\n\n\n<p>Nuestros abogados, muy experimentados, est\u00e1n aqu\u00ed para ofrecer soluciones, a menudo resolviendo los problemas en una sola llamada. Los abogados de CARPLS ofrecen asesoramiento jur\u00eddico gratuito; nuestros abogados no representan a los clientes en los tribunales.<\/p>\n\n\n\n<p>Si necesita que un abogado le acompa\u00f1e al juzgado, es posible que pueda optar a los servicios gratuitos o a precio reducido de otras organizaciones jur\u00eddicas. Nuestros abogados har\u00e1n todo lo posible para remitirle a una organizaci\u00f3n de este tipo si hay alguna disponible.<\/p>\n\n\n\n<p>Estos son algunos de los asuntos legales en los que CARPLS puede ayudarle:<\/p>\n\n\n\n<div class=\"wp-block-columns is-layout-flex wp-container-core-columns-is-layout-9d6595d7 wp-block-columns-is-layout-flex\">\n<div class=\"wp-block-column is-layout-flow wp-block-column-is-layout-flow\" style=\"flex-basis:33.34%\">\n<ul class=\"wp-block-list\">\n<li>Arrendador-Inquilino<\/li>\n\n\n\n<li>Juicio hipotecario<\/li>\n\n\n\n<li>Empleo<\/li>\n\n\n\n<li>Educaci\u00f3n<\/li>\n<\/ul>\n<\/div>\n\n\n\n<div class=\"wp-block-column is-layout-flow wp-block-column-is-layout-flow\" style=\"flex-basis:33.34%\">\n<ul class=\"wp-block-list\">\n<li>Deuda del consumidor<\/li>\n\n\n\n<li>Divorcio<\/li>\n\n\n\n<li>Tutela<\/li>\n\n\n\n<li>fincas<\/li>\n<\/ul>\n<\/div>\n\n\n\n<div class=\"wp-block-column is-layout-flow wp-block-column-is-layout-flow\" style=\"flex-basis:33.33%\">\n<ul class=\"wp-block-list\">\n<li>Lesiones Personales<\/li>\n\n\n\n<li>Da\u00f1o a la propiedad<\/li>\n\n\n\n<li>Beneficios P\u00fablicos<\/li>\n\n\n\n<li>Cuidado de la salud<\/li>\n<\/ul>\n<\/div>\n<\/div>","protected":false},"excerpt":{"rendered":"<p>Lunes-viernes, 9am-4:30pm Cada a\u00f1o, ayudamos a miles de personas que no pueden pagar un abogado a encontrar respuestas a sus...<\/p>","protected":false},"author":1,"featured_media":1558,"parent":243,"menu_order":0,"comment_status":"closed","ping_status":"closed","template":"","meta":{"_acf_changed":false,"_EventAllDay":false,"_EventTimezone":"","_EventStartDate":"","_EventEndDate":"","_EventStartDateUTC":"","_EventEndDateUTC":"","_EventShowMap":false,"_EventShowMapLink":false,"_EventURL":"","_EventCost":"","_EventCostDescription":"","_EventCurrencySymbol":"","_EventCurrencyCode":"","_EventCurrencyPosition":"","_EventDateTimeSeparator":"","_EventTimeRangeSeparator":"","_EventOrganizerID":[],"_EventVenueID":[],"_OrganizerEmail":"","_OrganizerPhone":"","_OrganizerWebsite":"","_VenueAddress":"","_VenueCity":"","_VenueCountry":"","_VenueProvince":"","_VenueState":"","_VenueZip":"","_VenuePhone":"","_VenueURL":"","_VenueStateProvince":"","_VenueLat":"","_VenueLng":"","_VenueShowMap":false,"_VenueShowMapLink":false,"footnotes":""},"class_list":["post-331","page","type-page","status-publish","has-post-thumbnail","hentry"],"acf":[],"_links":{"self":[{"href":"https:\/\/carpls.org\/es\/wp-json\/wp\/v2\/pages\/331","targetHints":{"allow":["GET"]}}],"collection":[{"href":"https:\/\/carpls.org\/es\/wp-json\/wp\/v2\/pages"}],"about":[{"href":"https:\/\/carpls.org\/es\/wp-json\/wp\/v2\/types\/page"}],"author":[{"embeddable":true,"href":"https:\/\/carpls.org\/es\/wp-json\/wp\/v2\/users\/1"}],"replies":[{"embeddable":true,"href":"https:\/\/carpls.org\/es\/wp-json\/wp\/v2\/comments?post=331"}],"version-history":[{"count":0,"href":"https:\/\/carpls.org\/es\/wp-json\/wp\/v2\/pages\/331\/revisions"}],"up":[{"embeddable":true,"href":"https:\/\/carpls.org\/es\/wp-json\/wp\/v2\/pages\/243"}],"wp:featuredmedia":[{"embeddable":true,"href":"https:\/\/carpls.org\/es\/wp-json\/wp\/v2\/media\/1558"}],"wp:attachment":[{"href":"https:\/\/carpls.org\/es\/wp-json\/wp\/v2\/media?parent=331"}],"curies":[{"name":"wp","href":"https:\/\/api.w.org\/{rel}","templated":true}]}}