{"id":3,"date":"2022-06-10T14:36:25","date_gmt":"2022-06-10T14:36:25","guid":{"rendered":"https:\/\/carpls.local\/?page_id=3"},"modified":"2022-11-22T08:15:14","modified_gmt":"2022-11-22T14:15:14","slug":"politica-de-privacidad","status":"publish","type":"page","link":"https:\/\/carpls.org\/es\/politica-de-privacidad\/","title":{"rendered":"Pol\u00edtica de donantes"},"content":{"rendered":"<p><strong>CARPLS protege la privacidad de nuestros donantes.<\/strong> Cualquier informaci\u00f3n personal proporcionada por los donantes (ya sea en l\u00ednea o fuera de l\u00ednea) est\u00e1 disponible s\u00f3lo para la oficina de desarrollo de CARPLS, y no se comparte con nadie m\u00e1s. CARPLS nunca intercambia, vende ni comparte la informaci\u00f3n de los donantes con ninguna organizaci\u00f3n.<\/p>\n\n\n\n<p>El reconocimiento de los donantes, de acuerdo con sus deseos, puede incluir su menci\u00f3n en nuestro informe anual impreso y en eventos.<\/p>\n\n\n\n<p>CARPLS respeta los deseos de los donantes que desean permanecer en el anonimato o no recibir comunicaciones de CARPLS. Contacto <a href=\"mailto:giving@carpls.org\">giving@carpls.org<\/a> con cualquier solicitud.<\/p>","protected":false},"excerpt":{"rendered":"<p>CARPLS protege la privacidad de sus donantes. Cualquier informaci\u00f3n personal proporcionada por los donantes (ya sea en l\u00ednea o fuera de l\u00ednea) s\u00f3lo est\u00e1 disponible para los...<\/p>","protected":false},"author":1,"featured_media":0,"parent":0,"menu_order":0,"comment_status":"closed","ping_status":"open","template":"","meta":{"_acf_changed":false,"_EventAllDay":false,"_EventTimezone":"","_EventStartDate":"","_EventEndDate":"","_EventStartDateUTC":"","_EventEndDateUTC":"","_EventShowMap":false,"_EventShowMapLink":false,"_EventURL":"","_EventCost":"","_EventCostDescription":"","_EventCurrencySymbol":"","_EventCurrencyCode":"","_EventCurrencyPosition":"","_EventDateTimeSeparator":"","_EventTimeRangeSeparator":"","_EventOrganizerID":[],"_EventVenueID":[],"_OrganizerEmail":"","_OrganizerPhone":"","_OrganizerWebsite":"","_VenueAddress":"","_VenueCity":"","_VenueCountry":"","_VenueProvince":"","_VenueState":"","_VenueZip":"","_VenuePhone":"","_VenueURL":"","_VenueStateProvince":"","_VenueLat":"","_VenueLng":"","_VenueShowMap":false,"_VenueShowMapLink":false,"footnotes":""},"class_list":["post-3","page","type-page","status-publish","hentry"],"acf":[],"_links":{"self":[{"href":"https:\/\/carpls.org\/es\/wp-json\/wp\/v2\/pages\/3","targetHints":{"allow":["GET"]}}],"collection":[{"href":"https:\/\/carpls.org\/es\/wp-json\/wp\/v2\/pages"}],"about":[{"href":"https:\/\/carpls.org\/es\/wp-json\/wp\/v2\/types\/page"}],"author":[{"embeddable":true,"href":"https:\/\/carpls.org\/es\/wp-json\/wp\/v2\/users\/1"}],"replies":[{"embeddable":true,"href":"https:\/\/carpls.org\/es\/wp-json\/wp\/v2\/comments?post=3"}],"version-history":[{"count":0,"href":"https:\/\/carpls.org\/es\/wp-json\/wp\/v2\/pages\/3\/revisions"}],"wp:attachment":[{"href":"https:\/\/carpls.org\/es\/wp-json\/wp\/v2\/media?parent=3"}],"curies":[{"name":"wp","href":"https:\/\/api.w.org\/{rel}","templated":true}]}}