{"id":243,"date":"2022-07-22T13:16:15","date_gmt":"2022-07-22T18:16:15","guid":{"rendered":"http:\/\/localhost:10018\/?page_id=243"},"modified":"2023-02-06T16:19:31","modified_gmt":"2023-02-06T22:19:31","slug":"servicios","status":"publish","type":"page","link":"https:\/\/carpls.org\/es\/servicios\/","title":{"rendered":"Servicios"},"content":{"rendered":"<div style=\"height:2px\" aria-hidden=\"true\" class=\"wp-block-spacer\"><\/div>\n\n\n\n<h1 class=\"has-text-align-center has-large-font-size wp-block-heading\"><strong>Nuestros servicios<\/strong><\/h1>\n\n\n\n<hr class=\"wp-block-separator has-alpha-channel-opacity is-style-shortbar\"\/>\n\n\n\n<div class=\"wp-block-group is-style-narrow-width\"><div class=\"wp-block-group__inner-container is-layout-flow wp-block-group-is-layout-flow\">\n<p>Desde 1993, hemos ayudado gratuitamente a cientos de miles de personas que no pueden permitirse un abogado a encontrar respuestas a sus problemas jur\u00eddicos cotidianos, a trav\u00e9s de la l\u00ednea de atenci\u00f3n telef\u00f3nica principal y de los proyectos espec\u00edficos que gestionamos. Nuestros experimentados abogados y socios est\u00e1n aqu\u00ed para ofrecer soluciones, resolviendo a menudo los problemas en una sola llamada.<\/p>\n\n\n\n<p>CARPLS es una organizaci\u00f3n sin \u00e1nimo de lucro 501(c)(3).<\/p>\n\n\n\n<div style=\"height:100px\" aria-hidden=\"true\" class=\"wp-block-spacer\"><\/div>\n<\/div><\/div>\n\n\n<div class=\"py-5\" style=\"background-color: #c3dae0\">\n  <div class=\"container position-relative\">\n          <p class=\"has-black-color text-center font-size-36 mb-2 line-height-sm font-bold font-next\">Para los residentes del Condado de Cook<\/p>\n      <div class=\"shortbar mx-auto mb-4 has-teal-background-color\"><\/div>\n        <div class=\"row justify-content-center gx-lg-5\">\n          <div class=\"col-lg-4 mb-4\">\n        <div class=\"hover-up position-relative\">\n          <div class=\"text-center mt-3 p-3 has-teal-background-color rounded-top\"><i class=\"fa-classic fa-solid fa-phone has-white-color fa-2x\"><\/i><\/div>\n          <div class=\"has-white-background-color p-4 rounded-bottom shadow-sm\">\n            <p class=\"text-center font-size-22 font-heading font-bold mb-3\">L\u00ednea directa CARPLS<\/p>\n            <p class=\"mb-0 line-height-regular\">Nuestra l\u00ednea telef\u00f3nica ayuda a miles de personas que no pueden permitirse un abogado a encontrar respuestas a sus problemas legales cotidianos de forma gratuita.<\/p>\n                          <div class=\"text-center\">\n                <a href=\"\/es\/servicios\/linea-directa-del-condado-de-cook\/\" class=\"btn btn-teal btn-special mt-3 px-4 rounded stretched-link\">Detalles del programa<\/a>\n              <\/div>\n                      <\/div>\n        <\/div>\n      <\/div>\n          <div class=\"col-lg-4 mb-4\">\n        <div class=\"hover-up position-relative\">\n          <div class=\"text-center mt-3 p-3 has-teal-background-color rounded-top\"><i class=\"fa-classic fa-solid fa-comments has-white-color fa-2x\"><\/i><\/div>\n          <div class=\"has-white-background-color p-4 rounded-bottom shadow-sm\">\n            <p class=\"text-center font-size-22 font-heading font-bold mb-3\">Mostradores de asesoramiento CARPLS<\/p>\n            <p class=\"mb-0 line-height-regular\">Las ventanillas est\u00e1n dise\u00f1adas para proporcionar informaci\u00f3n y asesoramiento jur\u00eddico a los numerosos demandados pro se que se enfrentan a infracciones de ordenanzas dictadas por la ciudad de Chicago.<\/p>\n                          <div class=\"text-center\">\n                <a href=\"\/es\/servicios\/mostradores-de-asesoramiento\/\" class=\"btn btn-teal btn-special mt-3 px-4 rounded stretched-link\">Detalles del programa<\/a>\n              <\/div>\n                      <\/div>\n        <\/div>\n      <\/div>\n          <div class=\"col-lg-4 mb-4\">\n        <div class=\"hover-up position-relative\">\n          <div class=\"text-center mt-3 p-3 has-teal-background-color rounded-top\"><i class=\"fa-classic fa-solid fa-house-user has-white-color fa-2x\"><\/i><\/div>\n          <div class=\"has-white-background-color p-4 rounded-bottom shadow-sm\">\n            <p class=\"text-center font-size-22 font-heading font-bold mb-3\">L\u00ednea directa del CCLAHD<\/p>\n            <p class=\"mb-0 line-height-regular\">A trav\u00e9s de este programa del condado de Cook, CARPLS ayuda a las personas con desahucios, ejecuciones hipotecarias y problemas de deudas sin resolver y las pone en contacto con servicios que las desv\u00edan de los tribunales. Los recursos tambi\u00e9n incluyen servicios de mediaci\u00f3n.<\/p>\n                          <div class=\"text-center\">\n                <a href=\"\/es\/servicios\/ayuda-legal-del-condado-de-cook-para-vivienda-y-deudas\/\" class=\"btn btn-teal btn-special mt-3 px-4 rounded stretched-link\">Detalles del programa<\/a>\n              <\/div>\n                      <\/div>\n        <\/div>\n      <\/div>\n        <\/div>\n  <\/div>\n<\/div>\n\n\n<div class=\"py-5\" style=\"background-color: #c3dae0\">\n  <div class=\"container position-relative\">\n          <p class=\"has-black-color text-center font-size-36 mb-2 line-height-sm font-bold font-next\">Para todos los habitantes de Illinois<\/p>\n      <div class=\"shortbar mx-auto mb-4 has-teal-background-color\"><\/div>\n        <div class=\"row justify-content-center gx-lg-5\">\n          <div class=\"col-lg-4 mb-4\">\n        <div class=\"hover-up position-relative\">\n          <div class=\"text-center mt-3 p-3 has-teal-background-color rounded-top\"><i class=\"fa-classic fa-solid fa-person has-white-color fa-2x\"><\/i><\/div>\n          <div class=\"has-white-background-color p-4 rounded-bottom shadow-sm\">\n            <p class=\"text-center font-size-22 font-heading font-bold mb-3\">Red de Asistencia Jur\u00eddica de las Fuerzas Armadas de Illinois (IL-AFLAN)<\/p>\n            <p class=\"mb-0 line-height-regular\">Los abogados de CARPLS asesoran a los veteranos, al personal militar y a sus familias en cuestiones legales civiles en todo el estado y los conectan con otros servicios legales con nuestros m\u00e1s de 20 socios en todo el estado.<\/p>\n                          <div class=\"text-center\">\n                <a href=\"\/es\/servicios\/red-de-asistencia-juridica-de-las-fuerzas-armadas-de-illinois\/\" class=\"btn btn-teal btn-special mt-3 px-4 rounded stretched-link\">Detalles del programa<\/a>\n              <\/div>\n                      <\/div>\n        <\/div>\n      <\/div>\n          <div class=\"col-lg-4 mb-4\">\n        <div class=\"hover-up position-relative\">\n          <div class=\"text-center mt-3 p-3 has-teal-background-color rounded-top\"><i class=\"fa-classic fa-solid fa-virus-covid has-white-color fa-2x\"><\/i><\/div>\n          <div class=\"has-white-background-color p-4 rounded-bottom shadow-sm\">\n            <p class=\"text-center font-size-22 font-heading font-bold mb-3\">AYUDA<\/p>\n            <p class=\"mb-0 line-height-regular\">COVID HELP proporciona informaci\u00f3n legal gratuita, las 24 horas del d\u00eda, a los habitantes de Illinois sobre temas de vivienda como el desalojo, la deuda, la bancarrota, la ejecuci\u00f3n hipotecaria, las tutelas, el desempleo y muchos otros temas.<\/p>\n                          <div class=\"text-center\">\n                <a href=\"\/es\/servicios\/illinois-covid-h-e-l-p\/\" class=\"btn btn-teal btn-special mt-3 px-4 rounded stretched-link\">Detalles del programa<\/a>\n              <\/div>\n                      <\/div>\n        <\/div>\n      <\/div>\n          <div class=\"col-lg-4 mb-4\">\n        <div class=\"hover-up position-relative\">\n          <div class=\"text-center mt-3 p-3 has-teal-background-color rounded-top\"><i class=\"fa-classic fa-solid fa-house has-white-color fa-2x\"><\/i><\/div>\n          <div class=\"has-white-background-color p-4 rounded-bottom shadow-sm\">\n            <p class=\"text-center font-size-22 font-heading font-bold mb-3\">Ayuda de desalojo Illinois<\/p>\n            <p class=\"mb-0 line-height-regular\">Eviction Help es una red de organizaciones sin \u00e1nimo de lucro financiada por el Estado que ofrece asistencia jur\u00eddica gratuita, servicios de mediaci\u00f3n y otros recursos, en respuesta a la crisis de los desahucios.<\/p>\n                          <div class=\"text-center\">\n                <a href=\"\/es\/servicios\/ayuda-desahucio-illinois\/\" class=\"btn btn-teal btn-special mt-3 px-4 rounded stretched-link\">Detalles del programa<\/a>\n              <\/div>\n                      <\/div>\n        <\/div>\n      <\/div>\n          <div class=\"col-lg-4 mb-4\">\n        <div class=\"hover-up position-relative\">\n          <div class=\"text-center mt-3 p-3 has-teal-background-color rounded-top\"><i class=\"fa-classic fa-solid fa-cannabis has-white-color fa-2x\"><\/i><\/div>\n          <div class=\"has-white-background-color p-4 rounded-bottom shadow-sm\">\n            <p class=\"text-center font-size-22 font-heading font-bold mb-3\">Nueva hoja Illinois<\/p>\n            <p class=\"mb-0 line-height-regular\">CARPLS trabaja con m\u00e1s de 20 socios en todo el estado para ayudar a las personas a iniciar el proceso de eliminaci\u00f3n de arrestos y condenas por cannabis.<\/p>\n                          <div class=\"text-center\">\n                <a href=\"\/es\/servicios\/new-leaf-illinois\/\" class=\"btn btn-teal btn-special mt-3 px-4 rounded stretched-link\">Detalles del programa<\/a>\n              <\/div>\n                      <\/div>\n        <\/div>\n      <\/div>\n        <\/div>\n  <\/div>\n<\/div>","protected":false},"excerpt":{"rendered":"<p>Nuestros Servicios Desde 1993, hemos ayudado a cientos de miles de personas que no pueden permitirse un abogado a encontrar respuestas a...<\/p>","protected":false},"author":1,"featured_media":0,"parent":0,"menu_order":0,"comment_status":"closed","ping_status":"closed","template":"page-full.php","meta":{"_acf_changed":false,"_EventAllDay":false,"_EventTimezone":"","_EventStartDate":"","_EventEndDate":"","_EventStartDateUTC":"","_EventEndDateUTC":"","_EventShowMap":false,"_EventShowMapLink":false,"_EventURL":"","_EventCost":"","_EventCostDescription":"","_EventCurrencySymbol":"","_EventCurrencyCode":"","_EventCurrencyPosition":"","_EventDateTimeSeparator":"","_EventTimeRangeSeparator":"","_EventOrganizerID":[],"_EventVenueID":[],"_OrganizerEmail":"","_OrganizerPhone":"","_OrganizerWebsite":"","_VenueAddress":"","_VenueCity":"","_VenueCountry":"","_VenueProvince":"","_VenueState":"","_VenueZip":"","_VenuePhone":"","_VenueURL":"","_VenueStateProvince":"","_VenueLat":"","_VenueLng":"","_VenueShowMap":false,"_VenueShowMapLink":false,"footnotes":""},"class_list":["post-243","page","type-page","status-publish","hentry"],"acf":[],"_links":{"self":[{"href":"https:\/\/carpls.org\/es\/wp-json\/wp\/v2\/pages\/243","targetHints":{"allow":["GET"]}}],"collection":[{"href":"https:\/\/carpls.org\/es\/wp-json\/wp\/v2\/pages"}],"about":[{"href":"https:\/\/carpls.org\/es\/wp-json\/wp\/v2\/types\/page"}],"author":[{"embeddable":true,"href":"https:\/\/carpls.org\/es\/wp-json\/wp\/v2\/users\/1"}],"replies":[{"embeddable":true,"href":"https:\/\/carpls.org\/es\/wp-json\/wp\/v2\/comments?post=243"}],"version-history":[{"count":0,"href":"https:\/\/carpls.org\/es\/wp-json\/wp\/v2\/pages\/243\/revisions"}],"wp:attachment":[{"href":"https:\/\/carpls.org\/es\/wp-json\/wp\/v2\/media?parent=243"}],"curies":[{"name":"wp","href":"https:\/\/api.w.org\/{rel}","templated":true}]}}