{"id":1448,"date":"2024-03-12T20:11:38","date_gmt":"2024-03-13T01:11:38","guid":{"rendered":"https:\/\/carpls.org\/?page_id=1448"},"modified":"2024-03-12T20:11:38","modified_gmt":"2024-03-13T01:11:38","slug":"qa-con-sarah-konsky-2","status":"publish","type":"page","link":"https:\/\/carpls.org\/es\/qa-con-sarah-konsky-2\/","title":{"rendered":"Entrevista con Sarah Konsky"},"content":{"rendered":"<p>Sarah M. Konsky fue miembro del Consejo de Administraci\u00f3n de CARPLS. En la actualidad es directora de la Jenner &amp; Block Supreme Court and Appellate Clinic de la Facultad de Derecho de la Universidad de Chicago.<\/p>\n\n\n\n<p><strong>\u00bfQu\u00e9 recuerdos positivos, divertidos o simplemente memorables tiene de CARPLS?<\/strong><\/p>\n\n\n\n<p>Ha sido un honor formar parte de la Junta de CARPLS durante a\u00f1os de gran crecimiento: nuevas tecnolog\u00edas, nuevos proyectos, nuevas colaboraciones y la millon\u00e9sima consulta jur\u00eddica. Disfrut\u00e9 viendo c\u00f3mo la organizaci\u00f3n se volv\u00eda m\u00e1s ambiciosa y ampliaba su alcance, sin dejar de ser fiel a su misi\u00f3n.<\/p>\n\n\n\n<p>\u00a1Y qu\u00e9 gran grupo de personas! Disfrut\u00e9 conociendo a los miembros de la Junta de CARPLS, al equipo directivo y a los miembros del personal.<\/p>\n\n\n\n<p><strong>\u00bfQu\u00e9 le ha unido a la misi\u00f3n de CARPLS?<\/strong><\/p>\n\n\n\n<p>Sigo conectando con la misi\u00f3n de CARPLS de proporcionar acceso a la justicia legal. Hay muchas organizaciones excelentes que prestan importantes servicios jur\u00eddicos en Chicago e Illinois. Pero CARPLS cubre una necesidad importante y \u00fanica en nuestra comunidad para las personas que experimentan problemas legales. La gente a menudo necesita ayuda en el primer paso - entender lo que est\u00e1 pasando, averiguar c\u00f3mo manejar el problema si es apropiado, y averiguar qui\u00e9n puede ayudar si no. Agradezco que CARPLS ayude a tanta gente a resolver sus problemas legales y a acceder a la justicia.&nbsp;<\/p>\n\n\n\n<p><strong>\u00bfQu\u00e9 es lo que m\u00e1s le ha sorprendido en cuanto al cambio y crecimiento que ha experimentado CARPLS?<\/strong><\/p>\n\n\n\n<p>Las nuevas tecnolog\u00edas han planteado tanto retos como oportunidades. Me impresiona c\u00f3mo CARPLS ha pasado de ser una peque\u00f1a l\u00ednea de atenci\u00f3n telef\u00f3nica a algo mucho, mucho m\u00e1s grande. Me impresiona c\u00f3mo CARPLS ha tomado decisiones inteligentes y bien pensadas a lo largo del camino, desde la creaci\u00f3n de innovaciones tecnol\u00f3gicas para apoyar su trabajo hasta el crecimiento estrat\u00e9gico de sus proyectos y su alcance. Y creo que es importante que CARPLS haya seguido reconociendo la importancia y el valor de proporcionar a las personas acceso a abogados y asesoramiento jur\u00eddico para ayudarles.&nbsp;<\/p>\n\n\n\n<p><strong>\u00bfQu\u00e9 espera de los pr\u00f3ximos 30 a\u00f1os de CARPLS?<\/strong><\/p>\n\n\n\n<p>CARPLS est\u00e1 cubriendo una necesidad importante en nuestra comunidad. Espero que CARPLS pueda seguir creciendo y ampliando su alcance, para ayudar a m\u00e1s personas a acceder a la justicia.<\/p>","protected":false},"excerpt":{"rendered":"<p>Sarah M. Konsky fue miembro del Consejo de Administraci\u00f3n de CARPLS. En la actualidad es Directora de la...<\/p>","protected":false},"author":6,"featured_media":1397,"parent":0,"menu_order":0,"comment_status":"closed","ping_status":"closed","template":"","meta":{"_acf_changed":false,"_EventAllDay":false,"_EventTimezone":"","_EventStartDate":"","_EventEndDate":"","_EventStartDateUTC":"","_EventEndDateUTC":"","_EventShowMap":false,"_EventShowMapLink":false,"_EventURL":"","_EventCost":"","_EventCostDescription":"","_EventCurrencySymbol":"","_EventCurrencyCode":"","_EventCurrencyPosition":"","_EventDateTimeSeparator":"","_EventTimeRangeSeparator":"","_EventOrganizerID":[],"_EventVenueID":[],"_OrganizerEmail":"","_OrganizerPhone":"","_OrganizerWebsite":"","_VenueAddress":"","_VenueCity":"","_VenueCountry":"","_VenueProvince":"","_VenueState":"","_VenueZip":"","_VenuePhone":"","_VenueURL":"","_VenueStateProvince":"","_VenueLat":"","_VenueLng":"","_VenueShowMap":false,"_VenueShowMapLink":false,"footnotes":""},"class_list":["post-1448","page","type-page","status-publish","has-post-thumbnail","hentry"],"acf":[],"_links":{"self":[{"href":"https:\/\/carpls.org\/es\/wp-json\/wp\/v2\/pages\/1448","targetHints":{"allow":["GET"]}}],"collection":[{"href":"https:\/\/carpls.org\/es\/wp-json\/wp\/v2\/pages"}],"about":[{"href":"https:\/\/carpls.org\/es\/wp-json\/wp\/v2\/types\/page"}],"author":[{"embeddable":true,"href":"https:\/\/carpls.org\/es\/wp-json\/wp\/v2\/users\/6"}],"replies":[{"embeddable":true,"href":"https:\/\/carpls.org\/es\/wp-json\/wp\/v2\/comments?post=1448"}],"version-history":[{"count":0,"href":"https:\/\/carpls.org\/es\/wp-json\/wp\/v2\/pages\/1448\/revisions"}],"wp:featuredmedia":[{"embeddable":true,"href":"https:\/\/carpls.org\/es\/wp-json\/wp\/v2\/media\/1397"}],"wp:attachment":[{"href":"https:\/\/carpls.org\/es\/wp-json\/wp\/v2\/media?parent=1448"}],"curies":[{"name":"wp","href":"https:\/\/api.w.org\/{rel}","templated":true}]}}