{"id":1422,"date":"2024-02-19T16:09:05","date_gmt":"2024-02-19T22:09:05","guid":{"rendered":"https:\/\/carpls.org\/?page_id=1422"},"modified":"2024-02-21T00:11:42","modified_gmt":"2024-02-21T06:11:42","slug":"qa-con-mike-pope","status":"publish","type":"page","link":"https:\/\/carpls.org\/es\/qa-con-mike-pope\/","title":{"rendered":"Entrevista con Mike Pope"},"content":{"rendered":"<div class=\"wp-block-columns is-layout-flex wp-container-core-columns-is-layout-9d6595d7 wp-block-columns-is-layout-flex\">\n<div class=\"wp-block-column is-layout-flow wp-block-column-is-layout-flow\" style=\"flex-basis:33.33%\">\n<figure class=\"wp-block-image size-full\"><img loading=\"lazy\" decoding=\"async\" width=\"648\" height=\"640\" src=\"https:\/\/carpls.org\/wp-content\/uploads\/Screenshot-2024-02-19-at-4.07.35-PM.png\" alt=\"\" class=\"wp-image-1423\" srcset=\"https:\/\/carpls.org\/wp-content\/uploads\/Screenshot-2024-02-19-at-4.07.35-PM.png 648w, https:\/\/carpls.org\/wp-content\/uploads\/Screenshot-2024-02-19-at-4.07.35-PM-300x296.png 300w, https:\/\/carpls.org\/wp-content\/uploads\/Screenshot-2024-02-19-at-4.07.35-PM-12x12.png 12w\" sizes=\"auto, (max-width: 648px) 100vw, 648px\" \/><\/figure>\n<\/div>\n\n\n\n<div class=\"wp-block-column is-layout-flow wp-block-column-is-layout-flow\" style=\"flex-basis:66.66%\">\n<p><strong>Mike Pope<\/strong> es un abogado litigante muy consumado con 45 a\u00f1os de experiencia, especializado en casos complejos con jurado en todo el pa\u00eds. Es miembro de prestigiosas sociedades profesionales, como el Colegio Americano de Abogados Litigantes, la Academia Internacional de Abogados Litigantes y la Sociedad Internacional de Abogados. M\u00e1s all\u00e1 de su carrera jur\u00eddica, Mike ha participado activamente en el trabajo pro bono y el servicio a la comunidad. Dirigi\u00f3 el Fondo Fiduciario de Abogados de Illinois, supervisando subvenciones por valor de $20 millones a proveedores de asistencia jur\u00eddica, y fund\u00f3 CARPLS, que proporciona asistencia telef\u00f3nica de referencia a proveedores de asistencia jur\u00eddica en el condado de Cook. Mike tambi\u00e9n cre\u00f3 la Illinois Equal Justice Foundation, que concede subvenciones anuales de fondos estatales a proveedores de servicios jur\u00eddicos de todo Illinois. En 2012, recibi\u00f3 el Alumni Merit Award de la Northwestern University por sus importantes contribuciones a la profesi\u00f3n jur\u00eddica.<\/p>\n<\/div>\n<\/div>\n\n\n\n<p><strong>\u00bfC\u00f3mo fue empezar CARPLS?<\/strong><\/p>\n\n\n\n<p>Ruth Ann Schmitt era el verdadero cerebro de la operaci\u00f3n. La idea comenz\u00f3 con un servicio de derivaci\u00f3n. Las cl\u00ednicas jur\u00eddicas del condado de Cook compet\u00edan entre s\u00ed, as\u00ed que la idea de CARPLS fue una combinaci\u00f3n de grupos que trabajaban juntos en lugar de competir. Era la primera vez que se hac\u00eda. Ruth Ann me pidi\u00f3 que formara una junta directiva uno o dos a\u00f1os antes de que CARPLS se creara oficialmente.<\/p>\n\n\n\n<p>CARPLS se dise\u00f1\u00f3 para que una persona con un problema pudiera resolverlo con una llamada y un abogado. Yo era un poco esc\u00e9ptico de que los abogados quisieran hacer eso. Pensaba que ser\u00edamos la primera parada en el camino. Fue muy satisfactorio saber que realmente pod\u00edamos resolver problemas con una sola llamada.&nbsp;<\/p>\n\n\n\n<p><strong>\u00bfCu\u00e1l cree que es el punto culminante de la historia de CARPLS?&nbsp;<\/strong><\/p>\n\n\n\n<p>Una vez <a href=\"https:\/\/carpls.org\/es\/qa-con-leslie-corbett\/\">Leslie Corbett<\/a> y <a href=\"https:\/\/carpls.org\/es\/el-director-ejecutivo-al-schwartz-celebra-30-anos-en-carpls\/\">Allen Schwartz<\/a> ambos demostraron un gran liderazgo. Ambos aportaron una gran capacidad de liderazgo al crecimiento inicial de la organizaci\u00f3n.<\/p>\n\n\n\n<p>Nuestro crecimiento ha sido asombroso. Es una prueba de eficacia. Nos ocupamos constantemente de nuevas especialidades.\u00a0<\/p>\n\n\n\n<p><strong>\u00bfQu\u00e9 espera del futuro de CARPLS?<\/strong><\/p>\n\n\n\n<p>Sigue haciendo un gran trabajo. Como en cualquier negocio, no puedes dormirte en los laureles. Tienes que satisfacer las necesidades de la comunidad.&nbsp;<\/p>\n\n\n\n<p>Simplemente no hay suficientes abogados disponibles para donar su tiempo. No saben que CARPLS est\u00e1 ah\u00ed fuera. El n\u00famero de necesidades sigue siendo superior a la oferta. <\/p>\n\n\n\n<p>Estuve y estoy muy orgulloso de formar parte de CARPLS desde el principio.<\/p>","protected":false},"excerpt":{"rendered":"<p>Mike Pope es un consumado abogado litigante con 45 a\u00f1os de experiencia, especializado en complejos juicios con jurado en todo el pa\u00eds....<\/p>","protected":false},"author":6,"featured_media":1397,"parent":0,"menu_order":0,"comment_status":"closed","ping_status":"closed","template":"","meta":{"_acf_changed":false,"_EventAllDay":false,"_EventTimezone":"","_EventStartDate":"","_EventEndDate":"","_EventStartDateUTC":"","_EventEndDateUTC":"","_EventShowMap":false,"_EventShowMapLink":false,"_EventURL":"","_EventCost":"","_EventCostDescription":"","_EventCurrencySymbol":"","_EventCurrencyCode":"","_EventCurrencyPosition":"","_EventDateTimeSeparator":"","_EventTimeRangeSeparator":"","_EventOrganizerID":[],"_EventVenueID":[],"_OrganizerEmail":"","_OrganizerPhone":"","_OrganizerWebsite":"","_VenueAddress":"","_VenueCity":"","_VenueCountry":"","_VenueProvince":"","_VenueState":"","_VenueZip":"","_VenuePhone":"","_VenueURL":"","_VenueStateProvince":"","_VenueLat":"","_VenueLng":"","_VenueShowMap":false,"_VenueShowMapLink":false,"footnotes":""},"class_list":["post-1422","page","type-page","status-publish","has-post-thumbnail","hentry"],"acf":[],"_links":{"self":[{"href":"https:\/\/carpls.org\/es\/wp-json\/wp\/v2\/pages\/1422","targetHints":{"allow":["GET"]}}],"collection":[{"href":"https:\/\/carpls.org\/es\/wp-json\/wp\/v2\/pages"}],"about":[{"href":"https:\/\/carpls.org\/es\/wp-json\/wp\/v2\/types\/page"}],"author":[{"embeddable":true,"href":"https:\/\/carpls.org\/es\/wp-json\/wp\/v2\/users\/6"}],"replies":[{"embeddable":true,"href":"https:\/\/carpls.org\/es\/wp-json\/wp\/v2\/comments?post=1422"}],"version-history":[{"count":0,"href":"https:\/\/carpls.org\/es\/wp-json\/wp\/v2\/pages\/1422\/revisions"}],"wp:featuredmedia":[{"embeddable":true,"href":"https:\/\/carpls.org\/es\/wp-json\/wp\/v2\/media\/1397"}],"wp:attachment":[{"href":"https:\/\/carpls.org\/es\/wp-json\/wp\/v2\/media?parent=1422"}],"curies":[{"name":"wp","href":"https:\/\/api.w.org\/{rel}","templated":true}]}}