{"id":1140,"date":"2023-01-23T10:40:29","date_gmt":"2023-01-23T16:40:29","guid":{"rendered":"https:\/\/carpls.org\/?page_id=1140"},"modified":"2026-04-16T10:56:08","modified_gmt":"2026-04-16T15:56:08","slug":"gala-del-mazo-de-oro-de-carpls","status":"publish","type":"page","link":"https:\/\/carpls.org\/es\/gala-del-mazo-de-oro-de-carpls\/","title":{"rendered":"Gala del Mazo de Oro"},"content":{"rendered":"<h2 class=\"has-text-align-center has-link-color wp-elements-0af622b218b45a05130a7b1fb5bba66b wp-block-post-title has-text-color has-teal-color has-huge-font-size\">Gala del Mazo de Oro<\/h2>\n\n\n<hr class=\"wp-block-separator has-alpha-channel-opacity\"\/>\n\n\n\n<p class=\"has-text-align-center has-regular-font-size\">La Gala del Mallete de Oro celebra el trabajo de CARPLS y honra anualmente a un l\u00edder en el \u00e1mbito jur\u00eddico. <\/p>\n\n\n\n<p class=\"has-text-align-center has-regular-font-size\">Seleccione el bot\u00f3n siguiente para acceder a la p\u00e1gina del evento m\u00e1s reciente, donde encontrar\u00e1 informaci\u00f3n, oportunidades de patrocinio y entradas.<\/p>\n\n\n\n<div class=\"wp-block-buttons has-custom-font-size has-regular-font-size is-horizontal is-content-justification-center is-layout-flex wp-container-core-buttons-is-layout-d0092b8a wp-block-buttons-is-layout-flex\" style=\"padding-top:var(--wp--preset--spacing--40);padding-bottom:var(--wp--preset--spacing--40)\">\n<div class=\"wp-block-button\"><a class=\"wp-block-button__link has-teal-background-color has-background has-regular-font-size has-text-align-center has-custom-font-size wp-element-button\" href=\"https:\/\/www.classy.org\/event\/2026-golden-gavel-celebration\/e722127\">Haga clic aqu\u00ed para visitar el sitio web de la Golden Gavel Gala<\/a><\/div>\n<\/div>\n\n\n\n<figure class=\"wp-block-image size-full\"><img loading=\"lazy\" decoding=\"async\" width=\"7969\" height=\"10313\" src=\"https:\/\/carpls.org\/wp-content\/uploads\/sponsors-as-of-41326.png\" alt=\"\" class=\"wp-image-1886\"\/><\/figure>\n\n\n\n<figure class=\"wp-block-image alignfull size-large\"><img loading=\"lazy\" decoding=\"async\" width=\"1024\" height=\"843\" src=\"https:\/\/carpls.org\/wp-content\/uploads\/Join-hundreds-united-in-ensuring-equal-access-to-justice-1-for-website-1024x843.png\" alt=\"\" class=\"wp-image-1795\" srcset=\"https:\/\/carpls.org\/wp-content\/uploads\/Join-hundreds-united-in-ensuring-equal-access-to-justice-1-for-website-1024x843.png 1024w, https:\/\/carpls.org\/wp-content\/uploads\/Join-hundreds-united-in-ensuring-equal-access-to-justice-1-for-website-300x247.png 300w, https:\/\/carpls.org\/wp-content\/uploads\/Join-hundreds-united-in-ensuring-equal-access-to-justice-1-for-website-768x632.png 768w, https:\/\/carpls.org\/wp-content\/uploads\/Join-hundreds-united-in-ensuring-equal-access-to-justice-1-for-website-1536x1264.png 1536w, https:\/\/carpls.org\/wp-content\/uploads\/Join-hundreds-united-in-ensuring-equal-access-to-justice-1-for-website-2048x1685.png 2048w, https:\/\/carpls.org\/wp-content\/uploads\/Join-hundreds-united-in-ensuring-equal-access-to-justice-1-for-website-15x12.png 15w\" sizes=\"auto, (max-width: 1024px) 100vw, 1024px\" \/><\/figure>","protected":false},"excerpt":{"rendered":"<p>La Gala del Mallete de Oro celebra la labor de CARPLS y honra anualmente a un l\u00edder en el \u00e1mbito jur\u00eddico. Seleccione el bot\u00f3n...<\/p>","protected":false},"author":1,"featured_media":0,"parent":0,"menu_order":0,"comment_status":"closed","ping_status":"closed","template":"page-wide.php","meta":{"_acf_changed":false,"_EventAllDay":false,"_EventTimezone":"","_EventStartDate":"","_EventEndDate":"","_EventStartDateUTC":"","_EventEndDateUTC":"","_EventShowMap":false,"_EventShowMapLink":false,"_EventURL":"","_EventCost":"","_EventCostDescription":"","_EventCurrencySymbol":"","_EventCurrencyCode":"","_EventCurrencyPosition":"","_EventDateTimeSeparator":"","_EventTimeRangeSeparator":"","_EventOrganizerID":[],"_EventVenueID":[],"_OrganizerEmail":"","_OrganizerPhone":"","_OrganizerWebsite":"","_VenueAddress":"","_VenueCity":"","_VenueCountry":"","_VenueProvince":"","_VenueState":"","_VenueZip":"","_VenuePhone":"","_VenueURL":"","_VenueStateProvince":"","_VenueLat":"","_VenueLng":"","_VenueShowMap":false,"_VenueShowMapLink":false,"footnotes":""},"class_list":["post-1140","page","type-page","status-publish","hentry"],"acf":[],"_links":{"self":[{"href":"https:\/\/carpls.org\/es\/wp-json\/wp\/v2\/pages\/1140","targetHints":{"allow":["GET"]}}],"collection":[{"href":"https:\/\/carpls.org\/es\/wp-json\/wp\/v2\/pages"}],"about":[{"href":"https:\/\/carpls.org\/es\/wp-json\/wp\/v2\/types\/page"}],"author":[{"embeddable":true,"href":"https:\/\/carpls.org\/es\/wp-json\/wp\/v2\/users\/1"}],"replies":[{"embeddable":true,"href":"https:\/\/carpls.org\/es\/wp-json\/wp\/v2\/comments?post=1140"}],"version-history":[{"count":0,"href":"https:\/\/carpls.org\/es\/wp-json\/wp\/v2\/pages\/1140\/revisions"}],"wp:attachment":[{"href":"https:\/\/carpls.org\/es\/wp-json\/wp\/v2\/media?parent=1140"}],"curies":[{"name":"wp","href":"https:\/\/api.w.org\/{rel}","templated":true}]}}